{"id":80,"date":"2019-09-23T15:45:22","date_gmt":"2019-09-23T15:45:22","guid":{"rendered":"http:\/\/eichendorffschule-essen.de\/?page_id=80"},"modified":"2026-02-10T17:58:57","modified_gmt":"2026-02-10T17:58:57","slug":"gemeinsames-lernen-2","status":"publish","type":"page","link":"https:\/\/eichendorffschule-essen.de\/?page_id=80","title":{"rendered":"Gemeinsames Lernen"},"content":{"rendered":"\n<p>An unseren beiden Schulstandorten findet gemeinsames Lernen von Kindern mit und ohne sonderp\u00e4dagogischem Unterst\u00fctzungsbedarf statt. Dabei unterrichten und f\u00f6rdern wir im Sinne der Inklusion Kinder mit unterschiedlichen sonderp\u00e4dagogischen Unterst\u00fctzungsbedarfen:&nbsp;<\/p>\n\n\n\n<ul class=\"wp-block-list\">\n<li>Unterst\u00fctzungsbedarf K\u00f6rperlich-motorische Entwicklung (KM), sofern dieses in unseren Geb\u00e4uden m\u00f6glich ist. Beide Standorte sind nicht barrierefrei ausgestattet.<\/li>\n\n\n\n<li>Unterst\u00fctzungsbedarf\u00a0Lernen (LE)<\/li>\n\n\n\n<li>Unterst\u00fctzungsbedarf Emotionale und Soziale Entwicklung (ES). Dazu z\u00e4hlen auch Kinder mit einer Autismus Spektrum St\u00f6rung.<\/li>\n\n\n\n<li>Unterst\u00fctzungsbedarf Sprache (SQ).<\/li>\n\n\n\n<li>Unterst\u00fctzungsbedarf H\u00f6ren und Kommunikation (HK).<\/li>\n<\/ul>\n\n\n\n<p>Dabei arbeiten wir in Teams zusammen, die aus Klassen-, Fachlehrern, Sonderp\u00e4dagogen, Integrationshelfern und Sozialp\u00e4dagogen bestehen. Wir bereiten f\u00fcr jedes sonderp\u00e4dagogisch zu f\u00f6rdernde Kind individuelle F\u00f6rderpl\u00e4ne vor und \u00fcberpr\u00fcfen regelm\u00e4\u00dfig deren Wirksamkeit<\/p>\n","protected":false},"excerpt":{"rendered":"<p>An unseren beiden Schulstandorten findet gemeinsames Lernen von Kindern mit und ohne sonderp\u00e4dagogischem Unterst\u00fctzungsbedarf statt. Dabei unterrichten und f\u00f6rdern wir im Sinne der Inklusion Kinder mit unterschiedlichen sonderp\u00e4dagogischen Unterst\u00fctzungsbedarfen:&nbsp; Dabei arbeiten wir in Teams zusammen, die aus Klassen-, Fachlehrern, Sonderp\u00e4dagogen, Integrationshelfern und Sozialp\u00e4dagogen bestehen. Wir bereiten f\u00fcr jedes sonderp\u00e4dagogisch zu f\u00f6rdernde Kind individuelle F\u00f6rderpl\u00e4ne vor <a class=\"read-more\" href=\"https:\/\/eichendorffschule-essen.de\/?page_id=80\">READ MORE<\/a><\/p>\n","protected":false},"author":1,"featured_media":0,"parent":0,"menu_order":0,"comment_status":"closed","ping_status":"closed","template":"template-full-width.php","meta":{"footnotes":""},"class_list":["post-80","page","type-page","status-publish","hentry"],"_links":{"self":[{"href":"https:\/\/eichendorffschule-essen.de\/index.php?rest_route=\/wp\/v2\/pages\/80","targetHints":{"allow":["GET"]}}],"collection":[{"href":"https:\/\/eichendorffschule-essen.de\/index.php?rest_route=\/wp\/v2\/pages"}],"about":[{"href":"https:\/\/eichendorffschule-essen.de\/index.php?rest_route=\/wp\/v2\/types\/page"}],"author":[{"embeddable":true,"href":"https:\/\/eichendorffschule-essen.de\/index.php?rest_route=\/wp\/v2\/users\/1"}],"replies":[{"embeddable":true,"href":"https:\/\/eichendorffschule-essen.de\/index.php?rest_route=%2Fwp%2Fv2%2Fcomments&post=80"}],"version-history":[{"count":4,"href":"https:\/\/eichendorffschule-essen.de\/index.php?rest_route=\/wp\/v2\/pages\/80\/revisions"}],"predecessor-version":[{"id":5952,"href":"https:\/\/eichendorffschule-essen.de\/index.php?rest_route=\/wp\/v2\/pages\/80\/revisions\/5952"}],"wp:attachment":[{"href":"https:\/\/eichendorffschule-essen.de\/index.php?rest_route=%2Fwp%2Fv2%2Fmedia&parent=80"}],"curies":[{"name":"wp","href":"https:\/\/api.w.org\/{rel}","templated":true}]}}