{"id":79,"date":"2019-09-23T15:45:22","date_gmt":"2019-09-23T15:45:22","guid":{"rendered":"http:\/\/eichendorffschule-essen.de\/?page_id=79"},"modified":"2019-12-06T13:41:38","modified_gmt":"2019-12-06T13:41:38","slug":"unterricht-2","status":"publish","type":"page","link":"https:\/\/eichendorffschule-essen.de\/?page_id=79","title":{"rendered":"Unterricht"},"content":{"rendered":"\n<h3 class=\"wp-block-heading\">Unterrichtszeit<\/h3>\n\n\n\n<div class=\"wp-block-image\"><figure class=\"alignright is-resized\"><img loading=\"lazy\" decoding=\"async\" src=\"https:\/\/eichendorffschule-essen.de\/wp-content\/uploads\/2019\/11\/image-300x157.png\" alt=\"\" class=\"wp-image-555\" width=\"359\" height=\"188\" srcset=\"https:\/\/eichendorffschule-essen.de\/wp-content\/uploads\/2019\/11\/image-300x157.png 300w, https:\/\/eichendorffschule-essen.de\/wp-content\/uploads\/2019\/11\/image.png 610w\" sizes=\"auto, (max-width: 359px) 100vw, 359px\" \/><\/figure><\/div>\n\n\n\n<p>Ab 8.00 Uhr sind die T\u00fcren der Klassenzimmer ge\u00f6ffnet, so dass die Kinder ganz entspannt in der Schule ankommen k\u00f6nnen. Sie k\u00f6nnen dann f\u00fcr 10 Minuten die Zeit nutzen, um mit Freunden oder der Lehrkraft&nbsp;&nbsp;die wichtigsten Neuigkeiten auszutauschen, zu lesen, zu spielen, zu malen, kurz gesagt, das zu tun, wozu sie Lust haben.<\/p>\n\n\n\n<p>Um 8.10 Uhr schellt es und dann sollten alle Kinder im Klasseraum sein, denn schon um 8.15 Uhr beginnt der Unterricht p\u00fcnktlich. Nach den gro\u00dfen Hofpausen stellen sich die Kinder an dem festgelegten Aufstellplatz ihrer Klasse auf und gehen gemeinsam mit der zust\u00e4ndigen Lehrkraft ins Klassenzimmer.<\/p>\n\n\n\n<p><\/p>\n","protected":false},"excerpt":{"rendered":"<p>Unterrichtszeit Ab 8.00 Uhr sind die T\u00fcren der Klassenzimmer ge\u00f6ffnet, so dass die Kinder ganz entspannt in der Schule ankommen k\u00f6nnen. Sie k\u00f6nnen dann f\u00fcr 10 Minuten die Zeit nutzen, um mit Freunden oder der Lehrkraft&nbsp;&nbsp;die wichtigsten Neuigkeiten auszutauschen, zu lesen, zu spielen, zu malen, kurz gesagt, das zu tun, wozu sie Lust haben. Um <a class=\"read-more\" href=\"https:\/\/eichendorffschule-essen.de\/?page_id=79\">READ MORE<\/a><\/p>\n","protected":false},"author":1,"featured_media":0,"parent":0,"menu_order":0,"comment_status":"closed","ping_status":"closed","template":"template-full-width.php","meta":{"iawp_total_views":7,"footnotes":""},"class_list":["post-79","page","type-page","status-publish","hentry"],"_links":{"self":[{"href":"https:\/\/eichendorffschule-essen.de\/index.php?rest_route=\/wp\/v2\/pages\/79","targetHints":{"allow":["GET"]}}],"collection":[{"href":"https:\/\/eichendorffschule-essen.de\/index.php?rest_route=\/wp\/v2\/pages"}],"about":[{"href":"https:\/\/eichendorffschule-essen.de\/index.php?rest_route=\/wp\/v2\/types\/page"}],"author":[{"embeddable":true,"href":"https:\/\/eichendorffschule-essen.de\/index.php?rest_route=\/wp\/v2\/users\/1"}],"replies":[{"embeddable":true,"href":"https:\/\/eichendorffschule-essen.de\/index.php?rest_route=%2Fwp%2Fv2%2Fcomments&post=79"}],"version-history":[{"count":20,"href":"https:\/\/eichendorffschule-essen.de\/index.php?rest_route=\/wp\/v2\/pages\/79\/revisions"}],"predecessor-version":[{"id":923,"href":"https:\/\/eichendorffschule-essen.de\/index.php?rest_route=\/wp\/v2\/pages\/79\/revisions\/923"}],"wp:attachment":[{"href":"https:\/\/eichendorffschule-essen.de\/index.php?rest_route=%2Fwp%2Fv2%2Fmedia&parent=79"}],"curies":[{"name":"wp","href":"https:\/\/api.w.org\/{rel}","templated":true}]}}