{"id":696,"date":"2019-11-09T09:37:05","date_gmt":"2019-11-09T09:37:05","guid":{"rendered":"http:\/\/eichendorffschule-essen.de\/?page_id=696"},"modified":"2023-09-07T13:28:16","modified_gmt":"2023-09-07T13:28:16","slug":"offener-ganztag-ogs-2","status":"publish","type":"page","link":"https:\/\/eichendorffschule-essen.de\/?page_id=696","title":{"rendered":"Offener Ganztag &#8211; OGS"},"content":{"rendered":"\n<p>Herzlich Willkommen im offenen Ganztag am roten Standort! Tr\u00e4ger unseres offenen Ganztages ist die Jugendhilfe gGmbH. <\/p>\n\n\n\n<p>Die Betreuung findet <strong>Montag bis Freitag in der Zeit von 07.00 &#8211; 16.00 Uhr<\/strong> statt. Die Fr\u00fchbetreuung wird von zwei zuverl\u00e4ssigen Honorarkr\u00e4ften (Frau T\u00f6lle und Frau P\u00f6hler) t\u00e4glich von 07.00 &#8211; 08.00 Uhr angeboten.<\/p>\n\n\n\n<p>Der Elternbeitrag bzw. Erm\u00e4\u00dfigung oder Beitragsfreiheit ist durch die  Stadt Essen entsprechend einer Satzung geregelt und richtet sich nach  dem jeweiligen Einkommen. Eine Information hierzu erhalten Sie im  Schulamt der Stadt Essen bzw. an unserer Schule. In den Ferien bietet  die Stadt Essen ein wohnortnahes Betreuungsangebot an.  <\/p>\n\n\n\n<p><strong>Unser Tagesablauf:<\/strong><\/p>\n\n\n\n<p>Nach Schulschluss finden sich die Kinder im Offenen Ganztag ein, wo sie dann, beim anschlie\u00dfenden Mittagessen, h\u00e4ufig intensiv von ihrem Tag erz\u00e4hlen. Das Mittagessen wird abwechselnd von uns Erziehern p\u00e4dagogisch begleitet. Dabei ist es uns besonders wichtig, dass sich die Kinder in dieser Zeit untereinander und mit uns austauschen k\u00f6nnen. <\/p>\n\n\n\n<p>Auch die Hausaufgaben, die im Anschluss an das Mittagessen stattfinden, sind ein wichtiger Bestandteil unseres Konzeptes. Da uns die Qualit\u00e4t der Hausaufgabenbetreuung besonders am Herzen liegt, wird diese ausschlie\u00dflich von p\u00e4dagogischen Fachkr\u00e4ften in ruhiger Atmosph\u00e4re professionell begleitet. Durch unser offenes Konzept haben die Kinder die M\u00f6glichkeit ihren Nachmittag nach ihren eigenen W\u00fcnschen und Bed\u00fcrfnissen zu gestalten. Als besonderes Angebot k\u00f6nnen zus\u00e4tzlich vielf\u00e4ltige, interessenorientierte AGs besucht werden.<\/p>\n\n\n\n<p>Im gemeinsamen Tagesablauf des OGS spiegelt sich der Leitgedanke des roten Standorts: <strong>\u201c Gemeinsam sind wir stark \u2013 Vielfalt als Chance nutzen\u201c<\/strong> wieder.&nbsp;<\/p>\n\n\n\n<p>\u00a0<\/p>\n<p>\u00a0<\/p>\n\n\n\n<div class=\"wp-block-group alignfull\"><div class=\"wp-block-group__inner-container is-layout-flow wp-block-group-is-layout-flow\">\n<div class=\"wp-block-group\"><div class=\"wp-block-group__inner-container is-layout-flow wp-block-group-is-layout-flow\">\n<figure class=\"wp-block-gallery aligncenter has-nested-images columns-default is-cropped wp-block-gallery-1 is-layout-flex wp-block-gallery-is-layout-flex\">\n<figure class=\"wp-block-image size-large\"><img loading=\"lazy\" decoding=\"async\" width=\"1024\" height=\"768\" data-id=\"864\" src=\"https:\/\/eichendorffschule-essen.de\/wp-content\/uploads\/2019\/12\/IMG_9527-2-1024x768.jpg\" alt=\"\" class=\"wp-image-864\" srcset=\"https:\/\/eichendorffschule-essen.de\/wp-content\/uploads\/2019\/12\/IMG_9527-2-1024x768.jpg 1024w, https:\/\/eichendorffschule-essen.de\/wp-content\/uploads\/2019\/12\/IMG_9527-2-300x225.jpg 300w, https:\/\/eichendorffschule-essen.de\/wp-content\/uploads\/2019\/12\/IMG_9527-2-768x576.jpg 768w, https:\/\/eichendorffschule-essen.de\/wp-content\/uploads\/2019\/12\/IMG_9527-2-1536x1152.jpg 1536w, https:\/\/eichendorffschule-essen.de\/wp-content\/uploads\/2019\/12\/IMG_9527-2-2048x1536.jpg 2048w\" sizes=\"auto, (max-width: 1024px) 100vw, 1024px\" \/><\/figure>\n\n\n\n<figure class=\"wp-block-image size-large\"><img loading=\"lazy\" decoding=\"async\" width=\"1024\" height=\"768\" data-id=\"866\" src=\"https:\/\/eichendorffschule-essen.de\/wp-content\/uploads\/2019\/12\/IMG_9579-3-1024x768.jpg\" alt=\"\" class=\"wp-image-866\" srcset=\"https:\/\/eichendorffschule-essen.de\/wp-content\/uploads\/2019\/12\/IMG_9579-3-1024x768.jpg 1024w, https:\/\/eichendorffschule-essen.de\/wp-content\/uploads\/2019\/12\/IMG_9579-3-300x225.jpg 300w, https:\/\/eichendorffschule-essen.de\/wp-content\/uploads\/2019\/12\/IMG_9579-3-768x576.jpg 768w, https:\/\/eichendorffschule-essen.de\/wp-content\/uploads\/2019\/12\/IMG_9579-3-1536x1152.jpg 1536w, https:\/\/eichendorffschule-essen.de\/wp-content\/uploads\/2019\/12\/IMG_9579-3-2048x1536.jpg 2048w\" sizes=\"auto, (max-width: 1024px) 100vw, 1024px\" \/><\/figure>\n\n\n\n<figure class=\"wp-block-image size-large\"><img loading=\"lazy\" decoding=\"async\" width=\"1024\" height=\"767\" data-id=\"865\" src=\"https:\/\/eichendorffschule-essen.de\/wp-content\/uploads\/2019\/12\/IMG_9539-3-1024x767.jpg\" alt=\"\" class=\"wp-image-865\" srcset=\"https:\/\/eichendorffschule-essen.de\/wp-content\/uploads\/2019\/12\/IMG_9539-3-1024x767.jpg 1024w, https:\/\/eichendorffschule-essen.de\/wp-content\/uploads\/2019\/12\/IMG_9539-3-300x225.jpg 300w, https:\/\/eichendorffschule-essen.de\/wp-content\/uploads\/2019\/12\/IMG_9539-3-768x576.jpg 768w, https:\/\/eichendorffschule-essen.de\/wp-content\/uploads\/2019\/12\/IMG_9539-3-1536x1151.jpg 1536w, https:\/\/eichendorffschule-essen.de\/wp-content\/uploads\/2019\/12\/IMG_9539-3-2048x1535.jpg 2048w\" sizes=\"auto, (max-width: 1024px) 100vw, 1024px\" \/><\/figure>\n<\/figure>\n<\/div><\/div>\n<\/div><\/div>\n\n\n\n<p><strong>Unsere Schwerpunkte:<\/strong><\/p>\n\n\n\n<p><em>Partizipation<\/em> ist\nein elementarer Bestandteil unserer p\u00e4dagogischen Arbeit. So ist es f\u00fcr uns\nwichtig, dass durch regelm\u00e4\u00dfige Partizipation ein intensives\nGemeinschaftsgef\u00fchl entsteht.<\/p>\n\n\n\n<p>Dieses\nerreichen wir durch:<\/p>\n\n\n\n<ul class=\"wp-block-list\">\n<li>Gemeinschaftliche Auswahl des Mittagessens<\/li>\n\n\n\n<li>Regelm\u00e4\u00dfig stattfindende Kinderkonferenzen zu aktuellen Themen<\/li>\n\n\n\n<li>Situationsorientierte Raumgestaltung unter Einbezug der Kinder<\/li>\n\n\n\n<li>AG-Planung nach den aktuellen Interessen der Kinder<\/li>\n<\/ul>\n\n\n\n<p>Ein weiterer Schwerpunkt\nunserer p\u00e4dagogischen Arbeit ist das <em>ressourcenorientierte\nHandeln<\/em>. Daher steht jedes Kind mit seinen St\u00e4rken und F\u00e4higkeiten f\u00fcr uns\nim Mittelpunkt und wird dort abgeholt, wo es steht. Dies wirkt sich positiv auf\ndie Gruppendynamik aus, da jeder als gleichwertiges Mitglied der Gruppe\nanerkannt wird.<\/p>\n\n\n\n<p>Auch die <em>Elternarbeit <\/em>spielt f\u00fcr uns eine wichtige Rolle, denn Eltern sind\nExperten f\u00fcr ihre Kinder und daher ein wichtiger Ansprechpartner f\u00fcr uns. Eine\nenge Zusammenarbeit steht daher im Vordergrund. <\/p>\n","protected":false},"excerpt":{"rendered":"<p>Herzlich Willkommen im offenen Ganztag am roten Standort! Tr\u00e4ger unseres offenen Ganztages ist die Jugendhilfe gGmbH. Die Betreuung findet Montag bis Freitag in der Zeit von 07.00 &#8211; 16.00 Uhr statt. Die Fr\u00fchbetreuung wird von zwei zuverl\u00e4ssigen Honorarkr\u00e4ften (Frau T\u00f6lle und Frau P\u00f6hler) t\u00e4glich von 07.00 &#8211; 08.00 Uhr angeboten. Der Elternbeitrag bzw. Erm\u00e4\u00dfigung oder <a class=\"read-more\" href=\"https:\/\/eichendorffschule-essen.de\/?page_id=696\">READ MORE<\/a><\/p>\n","protected":false},"author":1,"featured_media":0,"parent":0,"menu_order":0,"comment_status":"closed","ping_status":"closed","template":"","meta":{"iawp_total_views":6,"footnotes":""},"class_list":["post-696","page","type-page","status-publish","hentry"],"_links":{"self":[{"href":"https:\/\/eichendorffschule-essen.de\/index.php?rest_route=\/wp\/v2\/pages\/696","targetHints":{"allow":["GET"]}}],"collection":[{"href":"https:\/\/eichendorffschule-essen.de\/index.php?rest_route=\/wp\/v2\/pages"}],"about":[{"href":"https:\/\/eichendorffschule-essen.de\/index.php?rest_route=\/wp\/v2\/types\/page"}],"author":[{"embeddable":true,"href":"https:\/\/eichendorffschule-essen.de\/index.php?rest_route=\/wp\/v2\/users\/1"}],"replies":[{"embeddable":true,"href":"https:\/\/eichendorffschule-essen.de\/index.php?rest_route=%2Fwp%2Fv2%2Fcomments&post=696"}],"version-history":[{"count":11,"href":"https:\/\/eichendorffschule-essen.de\/index.php?rest_route=\/wp\/v2\/pages\/696\/revisions"}],"predecessor-version":[{"id":4567,"href":"https:\/\/eichendorffschule-essen.de\/index.php?rest_route=\/wp\/v2\/pages\/696\/revisions\/4567"}],"wp:attachment":[{"href":"https:\/\/eichendorffschule-essen.de\/index.php?rest_route=%2Fwp%2Fv2%2Fmedia&parent=696"}],"curies":[{"name":"wp","href":"https:\/\/api.w.org\/{rel}","templated":true}]}}