{"id":692,"date":"2019-11-09T09:34:35","date_gmt":"2019-11-09T09:34:35","guid":{"rendered":"http:\/\/eichendorffschule-essen.de\/?page_id=692"},"modified":"2024-09-25T10:54:02","modified_gmt":"2024-09-25T10:54:02","slug":"8-bis-14-betreuung-2","status":"publish","type":"page","link":"https:\/\/eichendorffschule-essen.de\/?page_id=692","title":{"rendered":"8 bis 14 Betreuung"},"content":{"rendered":"\n<p>Am Roten Standort findet die 8 bis 14 Uhr Betreuung seit dem Schuljahr 2007\/2008 in der jetzigen Form statt.<\/p>\n\n\n\n<p>Die Kinder werden nach dem Unterricht im Betreuungsraum oder auf dem Schulhof betreut. Sie k\u00f6nnen in dieser Zeit eigenst\u00e4ndig ihre Hausaufgaben erledigen, lesen, malen, an kreativen Angeboten teilnehmen oder frei spielen.<\/p>\n\n\n\n<p>F\u00fcr das leibliche Wohl ist ebenfalls gesorgt, obwohl die Kinder nicht am gemeinsamen Mittagessen teilnehmen. Sie erhalten Getr\u00e4nke und einen kleinen Snack in Form von Obst, Cornflakes o.\u00e4.<\/p>\n\n\n\n<p><\/p>\n\n\n\n<div class=\"wp-block-group\"><div class=\"wp-block-group__inner-container is-layout-flow wp-block-group-is-layout-flow\">\n<p>&nbsp;&nbsp;&nbsp;&nbsp;&nbsp;&nbsp;&nbsp;&nbsp;<\/p>\n<\/div><\/div>\n\n\n\n\n\n<figure class=\"wp-block-gallery has-nested-images columns-default is-cropped wp-block-gallery-1 is-layout-flex wp-block-gallery-is-layout-flex\">\n<figure class=\"wp-block-image size-large\"><img loading=\"lazy\" decoding=\"async\" width=\"1024\" height=\"768\" data-id=\"813\" src=\"https:\/\/eichendorffschule-essen.de\/wp-content\/uploads\/2019\/11\/IMG_9520-1-1024x768.jpg\" alt=\"\" class=\"wp-image-813\" srcset=\"https:\/\/eichendorffschule-essen.de\/wp-content\/uploads\/2019\/11\/IMG_9520-1-1024x768.jpg 1024w, https:\/\/eichendorffschule-essen.de\/wp-content\/uploads\/2019\/11\/IMG_9520-1-300x225.jpg 300w, https:\/\/eichendorffschule-essen.de\/wp-content\/uploads\/2019\/11\/IMG_9520-1-768x576.jpg 768w, https:\/\/eichendorffschule-essen.de\/wp-content\/uploads\/2019\/11\/IMG_9520-1-1536x1152.jpg 1536w, https:\/\/eichendorffschule-essen.de\/wp-content\/uploads\/2019\/11\/IMG_9520-1-2048x1536.jpg 2048w\" sizes=\"auto, (max-width: 1024px) 100vw, 1024px\" \/><\/figure>\n\n\n\n<figure class=\"wp-block-image size-large\"><img loading=\"lazy\" decoding=\"async\" width=\"1024\" height=\"768\" data-id=\"814\" src=\"https:\/\/eichendorffschule-essen.de\/wp-content\/uploads\/2019\/11\/IMG_9521-1024x768.jpg\" alt=\"\" class=\"wp-image-814\" srcset=\"https:\/\/eichendorffschule-essen.de\/wp-content\/uploads\/2019\/11\/IMG_9521-1024x768.jpg 1024w, https:\/\/eichendorffschule-essen.de\/wp-content\/uploads\/2019\/11\/IMG_9521-300x225.jpg 300w, https:\/\/eichendorffschule-essen.de\/wp-content\/uploads\/2019\/11\/IMG_9521-768x576.jpg 768w, https:\/\/eichendorffschule-essen.de\/wp-content\/uploads\/2019\/11\/IMG_9521-1536x1152.jpg 1536w, https:\/\/eichendorffschule-essen.de\/wp-content\/uploads\/2019\/11\/IMG_9521-2048x1536.jpg 2048w\" sizes=\"auto, (max-width: 1024px) 100vw, 1024px\" \/><\/figure>\n\n\n\n<figure class=\"wp-block-image size-large\"><img loading=\"lazy\" decoding=\"async\" width=\"1024\" height=\"768\" data-id=\"815\" src=\"https:\/\/eichendorffschule-essen.de\/wp-content\/uploads\/2019\/11\/IMG_9523-1-1024x768.jpg\" alt=\"\" class=\"wp-image-815\" srcset=\"https:\/\/eichendorffschule-essen.de\/wp-content\/uploads\/2019\/11\/IMG_9523-1-1024x768.jpg 1024w, https:\/\/eichendorffschule-essen.de\/wp-content\/uploads\/2019\/11\/IMG_9523-1-300x225.jpg 300w, https:\/\/eichendorffschule-essen.de\/wp-content\/uploads\/2019\/11\/IMG_9523-1-768x576.jpg 768w, https:\/\/eichendorffschule-essen.de\/wp-content\/uploads\/2019\/11\/IMG_9523-1-1536x1152.jpg 1536w, https:\/\/eichendorffschule-essen.de\/wp-content\/uploads\/2019\/11\/IMG_9523-1-2048x1536.jpg 2048w\" sizes=\"auto, (max-width: 1024px) 100vw, 1024px\" \/><\/figure>\n<\/figure>\n","protected":false},"excerpt":{"rendered":"<p>Am Roten Standort findet die 8 bis 14 Uhr Betreuung seit dem Schuljahr 2007\/2008 in der jetzigen Form statt. Die Kinder werden nach dem Unterricht im Betreuungsraum oder auf dem Schulhof betreut. Sie k\u00f6nnen in dieser Zeit eigenst\u00e4ndig ihre Hausaufgaben erledigen, lesen, malen, an kreativen Angeboten teilnehmen oder frei spielen. F\u00fcr das leibliche Wohl ist <a class=\"read-more\" href=\"https:\/\/eichendorffschule-essen.de\/?page_id=692\">READ MORE<\/a><\/p>\n","protected":false},"author":1,"featured_media":0,"parent":0,"menu_order":0,"comment_status":"closed","ping_status":"closed","template":"","meta":{"footnotes":""},"class_list":["post-692","page","type-page","status-publish","hentry"],"_links":{"self":[{"href":"https:\/\/eichendorffschule-essen.de\/index.php?rest_route=\/wp\/v2\/pages\/692","targetHints":{"allow":["GET"]}}],"collection":[{"href":"https:\/\/eichendorffschule-essen.de\/index.php?rest_route=\/wp\/v2\/pages"}],"about":[{"href":"https:\/\/eichendorffschule-essen.de\/index.php?rest_route=\/wp\/v2\/types\/page"}],"author":[{"embeddable":true,"href":"https:\/\/eichendorffschule-essen.de\/index.php?rest_route=\/wp\/v2\/users\/1"}],"replies":[{"embeddable":true,"href":"https:\/\/eichendorffschule-essen.de\/index.php?rest_route=%2Fwp%2Fv2%2Fcomments&post=692"}],"version-history":[{"count":10,"href":"https:\/\/eichendorffschule-essen.de\/index.php?rest_route=\/wp\/v2\/pages\/692\/revisions"}],"predecessor-version":[{"id":5146,"href":"https:\/\/eichendorffschule-essen.de\/index.php?rest_route=\/wp\/v2\/pages\/692\/revisions\/5146"}],"wp:attachment":[{"href":"https:\/\/eichendorffschule-essen.de\/index.php?rest_route=%2Fwp%2Fv2%2Fmedia&parent=692"}],"curies":[{"name":"wp","href":"https:\/\/api.w.org\/{rel}","templated":true}]}}