{"id":669,"date":"2019-11-08T15:28:53","date_gmt":"2019-11-08T15:28:53","guid":{"rendered":"http:\/\/eichendorffschule-essen.de\/?page_id=669"},"modified":"2025-09-03T14:04:21","modified_gmt":"2025-09-03T14:04:21","slug":"foerderverein-eichendorffschule","status":"publish","type":"page","link":"https:\/\/eichendorffschule-essen.de\/?page_id=669","title":{"rendered":"F\u00f6rderverein"},"content":{"rendered":"\n<h2 class=\"wp-block-heading\"><strong>Gemeinsam f\u00fcr unsere Kinder, werden auch Sie Mitglied!<\/strong><\/h2>\n\n\n<div class=\"wp-block-image\">\n<figure class=\"alignright size-full is-resized\"><img loading=\"lazy\" decoding=\"async\" width=\"389\" height=\"303\" src=\"https:\/\/eichendorffschule-essen.de\/wp-content\/uploads\/2024\/08\/Logo-FoeV.png\" alt=\"\" class=\"wp-image-5088\" style=\"width:158px;height:auto\" srcset=\"https:\/\/eichendorffschule-essen.de\/wp-content\/uploads\/2024\/08\/Logo-FoeV.png 389w, https:\/\/eichendorffschule-essen.de\/wp-content\/uploads\/2024\/08\/Logo-FoeV-300x234.png 300w\" sizes=\"auto, (max-width: 389px) 100vw, 389px\" \/><\/figure>\n<\/div>\n\n\n<p class=\"has-medium-font-size\"><strong>Unsere Ziele sind&#8230;<\/strong><\/p>\n\n\n\n<p class=\"has-text-align-left\">Der gemeinn\u00fctzige Verein wurde von Eltern gegr\u00fcndet, damit die Schule zus\u00e4tzliche finanzielle und ideelle Unterst\u00fctzung erh\u00e4lt. Durch unseren Verein werden Projekte verwirklicht, die den Schulalltag unserer Kinder interessanter, abwechslungsreicher und lebendiger gestalten.&nbsp;<\/p>\n\n\n\n<figure class=\"wp-block-table alignright\"><table class=\"has-background\" style=\"background-color:#f3f4f5\"><tbody><tr><td><strong>Anschrift:<\/strong><br>\u00a0<br>F\u00f6rderverein Eichendorffschule Sch\u00f6nebeck e.V<br>Hei\u00dfener Str. 74<br>45359 Essen<br>Telefon: 0201 \/ 68 22 55 <br>Fax: 0201 \/ 86 59 020<br>E-Mail: Kontakt@FV-Eichendorffschule-essen.de <br>Web: www.eichendorffschule-essen.de<br><\/td><\/tr><tr><td><br><strong>Bankverbindung:<\/strong><br>&nbsp;<br>Sparkasse Essen<br>IBAN: DE57360501050005304282 <br>BIC: SPESDE3EXXX<br><strong>F\u00f6rderverein<br>Eichendorffschule Sch\u00f6nebeck e. V.<\/strong><\/td><\/tr><\/tbody><\/table><\/figure>\n\n\n\n<p class=\"has-text-align-left has-medium-font-size\"><strong>Unser Verein f\u00f6rdert&#8230;<\/strong><\/p>\n\n\n\n<ul class=\"wp-block-list\">\n<li>Zirkus- und Tanz-Projektwochen<\/li>\n\n\n\n<li>Gemeinsame Theaterbesuche<\/li>\n\n\n\n<li>Ausstattung der Schule mit Pausenspielger\u00e4ten \/ Kletterger\u00fcsten<\/li>\n\n\n\n<li>\u201eMein K\u00f6rper geh\u00f6rt mir\u201c \u2013 ein Projekt f\u00fcr Kinder zum Schutz vor sexuellem Missbrauch<\/li>\n\n\n\n<li>Anschaffung zus\u00e4tzlicher Lehr- und Arbeitsmittel<\/li>\n<\/ul>\n\n\n\n<p class=\"has-text-align-left has-medium-font-size\"><strong>Wir finanzieren uns unter anderem durch:<\/strong><\/p>\n\n\n\n<ul class=\"wp-block-list\">\n<li>Beitr\u00e4ge unserer Mitglieder<\/li>\n\n\n\n<li>Spenden<\/li>\n\n\n\n<li>Tombola auf unserem Schulfest<\/li>\n\n\n\n<li>Verkaufsaktionen zu verschiedenen Anl\u00e4ssen<\/li>\n<\/ul>\n\n\n\n<p class=\"has-medium-font-size\"><strong>Sie wollen Mitglied werden&#8230;<\/strong><\/p>\n\n\n\n<p>Wir freuen uns \u00fcber jede passive und aktive Beteiligung an unseren Projekten, denn es geht hier um unsere Kinder. Unser Ziel ist es, den Anforderungen der heutigen Zeit gerecht zu werden.&nbsp;Die <strong><a href=\"https:\/\/eichendorffschule-essen.de\/wp-content\/uploads\/2024\/08\/RZ_Flyer_FV_Eichendorffschule_Schoenebeck-1.pdf\">Beitrittserkl\u00e4rung<\/a><\/strong> k\u00f6nnen Sie ganz einfach per Klick \u00f6ffnen, ausdrucken, ausf\u00fcllen, mit Ihrer Unterschrift versehen und an uns senden oder in der Schule abgeben.<\/p>\n","protected":false},"excerpt":{"rendered":"<p>Gemeinsam f\u00fcr unsere Kinder, werden auch Sie Mitglied! Unsere Ziele sind&#8230; Der gemeinn\u00fctzige Verein wurde von Eltern gegr\u00fcndet, damit die Schule zus\u00e4tzliche finanzielle und ideelle Unterst\u00fctzung erh\u00e4lt. Durch unseren Verein werden Projekte verwirklicht, die den Schulalltag unserer Kinder interessanter, abwechslungsreicher und lebendiger gestalten.&nbsp; Anschrift:\u00a0F\u00f6rderverein Eichendorffschule Sch\u00f6nebeck e.VHei\u00dfener Str. 7445359 EssenTelefon: 0201 \/ 68 22 55 <a class=\"read-more\" href=\"https:\/\/eichendorffschule-essen.de\/?page_id=669\">READ MORE<\/a><\/p>\n","protected":false},"author":1,"featured_media":0,"parent":0,"menu_order":0,"comment_status":"closed","ping_status":"closed","template":"","meta":{"footnotes":""},"class_list":["post-669","page","type-page","status-publish","hentry"],"_links":{"self":[{"href":"https:\/\/eichendorffschule-essen.de\/index.php?rest_route=\/wp\/v2\/pages\/669","targetHints":{"allow":["GET"]}}],"collection":[{"href":"https:\/\/eichendorffschule-essen.de\/index.php?rest_route=\/wp\/v2\/pages"}],"about":[{"href":"https:\/\/eichendorffschule-essen.de\/index.php?rest_route=\/wp\/v2\/types\/page"}],"author":[{"embeddable":true,"href":"https:\/\/eichendorffschule-essen.de\/index.php?rest_route=\/wp\/v2\/users\/1"}],"replies":[{"embeddable":true,"href":"https:\/\/eichendorffschule-essen.de\/index.php?rest_route=%2Fwp%2Fv2%2Fcomments&post=669"}],"version-history":[{"count":21,"href":"https:\/\/eichendorffschule-essen.de\/index.php?rest_route=\/wp\/v2\/pages\/669\/revisions"}],"predecessor-version":[{"id":5716,"href":"https:\/\/eichendorffschule-essen.de\/index.php?rest_route=\/wp\/v2\/pages\/669\/revisions\/5716"}],"wp:attachment":[{"href":"https:\/\/eichendorffschule-essen.de\/index.php?rest_route=%2Fwp%2Fv2%2Fmedia&parent=669"}],"curies":[{"name":"wp","href":"https:\/\/api.w.org\/{rel}","templated":true}]}}