{"id":577,"date":"2019-11-01T18:06:58","date_gmt":"2019-11-01T18:06:58","guid":{"rendered":"http:\/\/eichendorffschule-essen.de\/?page_id=577"},"modified":"2022-05-04T12:59:01","modified_gmt":"2022-05-04T12:59:01","slug":"impressum-datenschutz","status":"publish","type":"page","link":"https:\/\/eichendorffschule-essen.de\/?page_id=577","title":{"rendered":"Impressum\/Datenschutz"},"content":{"rendered":"\n<figure class=\"wp-block-table\"><table><tbody><tr><td>Impressum<br>Stadt Essen<br>Der Oberb\u00fcrgermeister<br>Thomas Kufen<br>Rathaus, Porscheplatz<br>45121 EssenTel.: +49\/201\/88-40 000<br>E-Mail:&nbsp;<a href=\"mailto:info@schule-in.essen.de\">info@schule-in.essen.de<\/a><br>USTNR.: DE 119651740Copyright \u00a9 2019 und presserechtlich verantwortlich:<br><br><br><\/td><\/tr><tr><td>Schulleitung:<\/td><td>Rektorin S. Freitag, Schulleiter\/in, V. i. S. d. P.<br>komm. Konrektorin A. Kimmeskamp, komm. stellvertretende\/r Schulleiter\/in<br>Hei\u00dfener Str. 74<br>45359\u00a0Essen<br>Telefon: (0201)682255<br>Telefax: (0201)8659020<br>E-Mail:\u00a0<a href=\"mailto:eichendorffschule.info@schule.essen.de\">eichendorffschule.info@schule.essen.de<\/a><br><br><\/td><\/tr><tr><td>Schultr\u00e4ger (Diensteanbieter im Sinne des Telemediengesetzes (TMG) und des Rundfunkstaatsvertrages (RStV)):<\/td><td>Stadt Essen<br>vertreten durch:&nbsp;<br>Der Oberb\u00fcrgermeister<br>Thomas Kufen<br>Rathaus, Porscheplatz<br>45121 Essen<br>Telefon: (0201)8840000<br>Telefax: (0201)8840003<br>E-Mail:&nbsp;<a href=\"mailto:info@schule-in.essen.de\">info@schule-in.essen.de<\/a><br><br><\/td><\/tr><tr><td>Verantwortliche(r) f\u00fcr den<br>redaktionellen Inhalt i.S.d.<br>\u00a7 55 Abs. 2 RStV:<\/td><td>Rektorin S. Freitag<br>Eichendorffschule Sch\u00f6nebeck<br>Hei\u00dfener Str. 74<br>45359 Essen<br><br><\/td><\/tr><tr><td><br><br>Rechtliche Hinweise: Die Eichendorffschule Sch\u00f6nebeck gibt sich alle M\u00fche, dass die Informationen und Daten auf dieser Website zutreffend und aktuell sind. Eine Haftung oder Garantie f\u00fcr die Aktualit\u00e4t, Richtigkeit und Vollst\u00e4ndigkeit der zur Verf\u00fcgung gestellten Informationen und Daten ist jedoch ausgeschlossen.<br>Dieser Hinweis gilt auch f\u00fcr alle anderen Websites, auf die durch Hyperlinks verwiesen wird. Die Eichendorffschule Sch\u00f6nebeck ist f\u00fcr den Inhalt von Websites, die mittels einer solchen Verbindung erreicht werden, ebenfalls nicht verantwortlich.<br>Die Eichendorffschule Sch\u00f6nebeck beh\u00e4lt sich vor, \u00c4nderungen oder Erg\u00e4nzungen der bereitgestellten Informationen oder Daten ohne Ank\u00fcndigung vorzunehmen.<br>Der Inhalt der Website der Eichendorffschule Sch\u00f6nebeck ist urheberrechtlich gesch\u00fctzt. Deshalb bedarf die Vervielf\u00e4ltigung von Informationen oder Daten, insbesondere die Verwendung von Texten, von Textteilen oder Bildmaterial der vorherigen Zustimmung der Eichendorffschule Sch\u00f6nebeck.<br>S\u00e4mtliche Informationen oder Daten, deren Nutzung und die Anmeldung zur Website der Eichendorffschule Sch\u00f6nebeck, ebenso s\u00e4mtliches mit der Website der Eichendorffschule Sch\u00f6nebeck zusammenh\u00e4ngendes Tun, Dulden oder Unterlassen unterliegen ausschlie\u00dflich deutschem Recht.&nbsp;<br>Erf\u00fcllungsort und ausschlie\u00dflicher Gerichtsstand ist Essen.&nbsp;<br><br><br>Verschl\u00fcsselung: Wir weisen darauf hin, dass die \u00dcbersendung von Daten \u00fcber unsere Internet-Formulare zur Zeit noch nicht durch ein Verschl\u00fcsselungsverfahren abgesichert ist, so dass die M\u00f6glichkeit nicht ausgeschlossen werden kann, dass die Informationen auf dem \u00dcbertragungsweg von Dritten zur Kenntnis genommen, verf\u00e4lscht oder gel\u00f6scht werden.<br>Auch bei der Kommunikation \u00fcber E-Mail ist zu beachten, dass zur Zeit noch keine Verschl\u00fcsselung angeboten werden kann und dass daher eine \u00dcbermittlung nicht sicher ist.<\/td><\/tr><\/tbody><\/table><\/figure>\n\n\n\n<p><\/p>\n\n\n\n<figure class=\"wp-block-table\"><table><tbody><tr><td>Datenschutzerkl\u00e4rung<br>Verantwortlicher und Datenschutzbeauftragter<\/td><\/tr><tr><td>Verantwortlicher gem. Art. 4 Nr. 7 EU-Datenschutz-Grundverordnung (EU-DSGVO) ist:<br><br>Rektorin S. Freitag, Schulleiter\/in<br>komm. Konrektorin A. Kimmeskamp, komm. stellvertretende\/r Schulleiter\/in<br><br>Eichendorffschule Sch\u00f6nebeck<br>Hei\u00dfener Str. 74<br>45359\u00a0Essen<br>Telefon: (0201)682255<br>Telefax: (0201)8659020<br>E-Mail:\u00a0<a href=\"mailto:eichendorffschule.info@schule.essen.de\">eichendorffschule.info@schule.essen.de<\/a><br><br><\/td><\/tr><tr><td>Die\/den schulischen Datenschutzbeauftragte(n) erreichen Sie unter&nbsp;<a href=\"mailto:martin.schulz@schule.essen.de\">martin.schulz@schule.essen.de<\/a>&nbsp;oder \u00fcber die nachfolgende Postadresse:<br><br>M. Schulz (DSB)<br>c\/o Geschwister-Scholl-Realschule<br>H\u00fclsmannstr. 46<br>45355 Essen&nbsp;<br><br><br><\/td><\/tr><tr><td>Ihre Rechte als Nutzer<\/td><\/tr><tr><td>Sie haben nach Ma\u00dfgabe der Artikel 15, 16, 17, 18 und 21 EU-DSGVO gegen\u00fcber uns folgende Rechte hinsichtlich der Sie betreffenden personenbezogenen Daten:&nbsp;Recht auf AuskunftRecht auf Berichtigung oder L\u00f6schungRecht auf Einschr\u00e4nkung der VerarbeitungRecht auf Widerspruch gegen die VerarbeitungRecht auf Daten\u00fcbertragbarkeit<br>Wenn Sie der Auffassung sind, dass eine Verarbeitung Ihrer personenbezogener Daten gegen Datenschutzrecht verst\u00f6\u00dft, haben Sie das Recht, sich bei der zust\u00e4ndigen Aufsichtsbeh\u00f6rde zu beschweren, die Sie unter folgenden Kontaktdaten erreichen k\u00f6nnen:&nbsp;<br><br>Landesbeauftragte f\u00fcr Datenschutz und Informationsfreiheit<br>Nordrhein-Westfalen<br>Postfach 20 04 44<br>40102 D\u00fcsseldorf<br>Tel.: 0211\/38424-0<br>Fax: 0211\/38424-10<br>E-Mail:&nbsp;<a href=\"mailto:poststelle@ldi.nrw.de\">poststelle@ldi.nrw.de<\/a>&nbsp;<br><br><br><\/td><\/tr><tr><td>Hinweise zur Datenverarbeitung<\/td><\/tr><tr><td>(1) Bei dem Aufruf unserer Website werden personenbezogene Daten erhoben. Dies ist aus technischen Gr\u00fcnden erforderlich, um Ihnen unsere Website anzuzeigen und die Stabilit\u00e4t und Sicherheit zu gew\u00e4hrleisten. Rechtsgrundlage ist Art. 6 Abs. 1 S. 1 lit. e, Abs. 3 EU-DSGVO in Verbindung mit \u00a7 3 Abs. 1 Datenschutzgesetz Nordrhein-Westfalen (DSG NRW).&nbsp;&nbsp;<br><br>Das Internetangebot der Schule wird durch das Essener Systemhaus gehostet. Bei jedem Zugriff auf Inhalte des Internetangebotes werden dort personenbezogene Daten empfangen und vor\u00fcbergehend bis zur gesetzlichen Aufbewahrungsfrist \u00fcber sogenannte Protokoll- oder Log-Dateien gespeichert.&nbsp;<br><br>Die\tfolgenden Daten\twerden bei jedem Aufruf\tder\tInternetseite erhoben:IP-AdresseDatum und Uhrzeit des AbrufsZugriffsstatus\/HTTP-StatuscodeWebsite, von der die Anforderung kommtBrowserBetriebssystem und dessen Oberfl\u00e4cheSprache und Version der Browsersoftware<br>Wir weisen darauf hin, dass Betreiber von fremden Internetseiten, die vom Portal aus verlinkt werden, die Daten von Besucherinnen bzw. Besuchern dieser Internetseiten erheben und auswerten k\u00f6nnen.&nbsp;<br><br>(2) Bei Ihrer Kontaktaufnahme mit uns per E-Mail oder \u00fcber ein Kontaktformular m\u00fcssen die von Ihnen freiwillig mitgeteilten Daten (Ihre E-Mail-Adresse, ggf. Ihr Name und Ihre Telefonnummer) gespeichert werden, um Ihrem Anliegen entgegen kommen zu k\u00f6nnen. Rechtsgrundlage ist Art. 6 Abs. 1 S. 1 lit. e, Abs. 3 EU-DSGVO in Verbindung mit \u00a7 3 Abs. 1 Datenschutzgesetz Nordrhein-Westfalen (DSG NRW).&nbsp;<br><br>Die von Ihnen eingegebenen pers\u00f6nlichen Daten verwenden wir nur zu dem von Ihnen gew\u00fcnschten Zweck. Die in diesem Zusammenhang anfallenden Daten l\u00f6schen wir, nachdem die Speicherung nicht mehr erforderlich ist.<\/td><\/tr><\/tbody><\/table><\/figure>\n","protected":false},"excerpt":{"rendered":"<p>ImpressumStadt EssenDer Oberb\u00fcrgermeisterThomas KufenRathaus, Porscheplatz45121 EssenTel.: +49\/201\/88-40 000E-Mail:&nbsp;info@schule-in.essen.deUSTNR.: DE 119651740Copyright \u00a9 2019 und presserechtlich verantwortlich: Schulleitung: Rektorin S. Freitag, Schulleiter\/in, V. i. S. d. P.komm. Konrektorin A. Kimmeskamp, komm. stellvertretende\/r Schulleiter\/inHei\u00dfener Str. 7445359\u00a0EssenTelefon: (0201)682255Telefax: (0201)8659020E-Mail:\u00a0eichendorffschule.info@schule.essen.de Schultr\u00e4ger (Diensteanbieter im Sinne des Telemediengesetzes (TMG) und des Rundfunkstaatsvertrages (RStV)): Stadt Essenvertreten durch:&nbsp;Der Oberb\u00fcrgermeisterThomas KufenRathaus, Porscheplatz45121 EssenTelefon: (0201)8840000Telefax: (0201)8840003E-Mail:&nbsp;info@schule-in.essen.de <a class=\"read-more\" href=\"https:\/\/eichendorffschule-essen.de\/?page_id=577\">READ MORE<\/a><\/p>\n","protected":false},"author":1,"featured_media":0,"parent":0,"menu_order":0,"comment_status":"closed","ping_status":"closed","template":"","meta":{"iawp_total_views":1,"footnotes":""},"class_list":["post-577","page","type-page","status-publish","hentry"],"_links":{"self":[{"href":"https:\/\/eichendorffschule-essen.de\/index.php?rest_route=\/wp\/v2\/pages\/577","targetHints":{"allow":["GET"]}}],"collection":[{"href":"https:\/\/eichendorffschule-essen.de\/index.php?rest_route=\/wp\/v2\/pages"}],"about":[{"href":"https:\/\/eichendorffschule-essen.de\/index.php?rest_route=\/wp\/v2\/types\/page"}],"author":[{"embeddable":true,"href":"https:\/\/eichendorffschule-essen.de\/index.php?rest_route=\/wp\/v2\/users\/1"}],"replies":[{"embeddable":true,"href":"https:\/\/eichendorffschule-essen.de\/index.php?rest_route=%2Fwp%2Fv2%2Fcomments&post=577"}],"version-history":[{"count":6,"href":"https:\/\/eichendorffschule-essen.de\/index.php?rest_route=\/wp\/v2\/pages\/577\/revisions"}],"predecessor-version":[{"id":3719,"href":"https:\/\/eichendorffschule-essen.de\/index.php?rest_route=\/wp\/v2\/pages\/577\/revisions\/3719"}],"wp:attachment":[{"href":"https:\/\/eichendorffschule-essen.de\/index.php?rest_route=%2Fwp%2Fv2%2Fmedia&parent=577"}],"curies":[{"name":"wp","href":"https:\/\/api.w.org\/{rel}","templated":true}]}}