{"id":52,"date":"2019-09-23T15:41:34","date_gmt":"2019-09-23T15:41:34","guid":{"rendered":"http:\/\/eichendorffschule-essen.de\/?page_id=52"},"modified":"2019-11-07T19:43:06","modified_gmt":"2019-11-07T19:43:06","slug":"schulchronik","status":"publish","type":"page","link":"https:\/\/eichendorffschule-essen.de\/?page_id=52","title":{"rendered":"Schulchronik"},"content":{"rendered":"\n<h3 class=\"wp-block-heading\"><strong>Die Eichendorffschule in Essen-Sch\u00f6nebeck<\/strong><\/h3>\n\n\n\n<h4 class=\"wp-block-heading\">Stolze Vergangenheit &#8211; Lebendige Gegenwart &#8211; und die Zukunft?<\/h4>\n\n\n\n<div class=\"wp-block-image\"><figure class=\"alignright is-resized\"><img loading=\"lazy\" decoding=\"async\" src=\"https:\/\/eichendorffschule-essen.de\/wp-content\/uploads\/2019\/09\/Schule_klein.jpg\" alt=\"\" class=\"wp-image-197\" width=\"193\" height=\"147\" srcset=\"https:\/\/eichendorffschule-essen.de\/wp-content\/uploads\/2019\/09\/Schule_klein.jpg 385w, https:\/\/eichendorffschule-essen.de\/wp-content\/uploads\/2019\/09\/Schule_klein-300x228.jpg 300w\" sizes=\"auto, (max-width: 193px) 100vw, 193px\" \/><\/figure><\/div>\n\n\n\n<p>Vor 150 Jahren, als Sch\u00f6nebeck noch eine Streusiedlung mit einigen hundert Einwohnern war, wurde durch viele Eltern der Wunsch nach einer schulischen Bildung ihrer Kinder ge\u00e4u\u00dfert. Zwar hatte es an der Aktienstra\u00dfe schon einmal ein \u201aSchullokal\u2019 gegeben. Doch muss das p\u00e4dagogische Wirken dort nicht sehr nachhaltig gewesen sein. Eine allgemeine Schulpflicht gab es ja nicht, der Unterricht lief mehr oder weniger freiwillig, auf Absprache hin. Eine unabh\u00e4ngige, staatliche Schulaufsicht bestand f\u00fcr diese Bereiche nicht. So galt es, der schulischen Bildung in Sch\u00f6nebeck einen festen, kontrollierten Rahmen und einen neuen Ort zu geben. 1851 war es soweit. Ein Schulgeb\u00e4ude mit einem Klassenraum wurde dort errichtet, wo heute der Kath. Kindergarten, gegen\u00fcber der Gastst\u00e4tte Sch\u00f6nebecker Schweiz stehen.<\/p>\n\n\n\n<p><strong>Die&nbsp;Eichendorffschule 1851<\/strong><\/p>\n\n\n\n<div class=\"wp-block-image\"><figure class=\"alignright is-resized\"><img loading=\"lazy\" decoding=\"async\" src=\"https:\/\/eichendorffschule-essen.de\/wp-content\/uploads\/2019\/09\/wappen.png\" alt=\"\" class=\"wp-image-196\" width=\"149\" height=\"166\" srcset=\"https:\/\/eichendorffschule-essen.de\/wp-content\/uploads\/2019\/09\/wappen.png 400w, https:\/\/eichendorffschule-essen.de\/wp-content\/uploads\/2019\/09\/wappen-270x300.png 270w\" sizes=\"auto, (max-width: 149px) 100vw, 149px\" \/><\/figure><\/div>\n\n\n\n<p>1876 musste wegen der gestiegenen Kinderzahl ein zweiter Klassenraum errichtet werden, den man auf den vorhandenen einfach aufstockte. Erster Lehrer war Friedhelm Peters, der weitere Unterricht wurde durch Aspiranten erteilt, heute Lehramtsanw\u00e4rter. Nach dem Krieg 1870\/71 zogen infolge des wirtschaftlichen Aufschwungs so viele Menschen zu, dass in der Gastst\u00e4tte B\u00fcscher (sp\u00e4ter Pannenb\u00e4cker) im Brausewindhang ein Raum angemietet werden musste. 257 Kinder wurden in drei Klassen unterrichtet. (Man rechne!) Die Sch\u00fclerzahlen stiegen noch weiter und so erweiterte man die alte Schule um zwei R\u00e4ume. 1882 hatte sie vier Klassen mit 323 Kindern. (Man rechne noch einmal!) 1897 \u00fcbernahm die Kirchengemeinde Borbeck das Schulgrundst\u00fcck. Die (politische) Gemeinde Borbeck erhielt durch Tausch ein Grundst\u00fcck an der Antoniusstra\u00dfe, etwa dort, wo heute der Fu\u00dfballplatz ist. Hier errichtetet sie ein neues Schulgeb\u00e4ude mit sechs Klassenr\u00e4umen und zwei Wohnungen. Ostern 1898 wurde diese Schule in eine dreiklassige Knaben- und dreiklassige M\u00e4dchenschule aufgeteilt. Aber schon 1908 war die Schule auf 12 Klassen angewachsen. Um die immer gr\u00f6\u00dfer werdende Schulraumnot zu beheben, entschloss sich die Gemeinde Borbeck, eine neue Schule an der Hei\u00dfener Stra\u00dfe zu bauen. 1912 war es endlich soweit. Am 1. Mai wurde die neue Schule, Sch\u00f6nebeck II, festlich eingeweiht.\u00dcbrigens: Das Aus f\u00fcr die Schule Sch\u00f6nebeck I an der Antoniusstra\u00dfe kam 1936, als die Sch\u00fclerzahlen so zur\u00fcckgegangen waren, dass alle Kinder an der Hei\u00dfener Stra\u00dfe, in dem modernen Haus zusammengefasst werden konnten. Endg\u00fcltig war es vorbei mit diesem Schulgeb\u00e4ude am 3.4.1943, als es durch Bomben v\u00f6llig zerst\u00f6rt wurde. Von Anfang an fest geplant war f\u00fcr die Schule Sch\u00f6nebeck II ein Erweiterungsfl\u00fcgel in Verl\u00e4ngerung des Geb\u00e4udeteils parallel zum Talgrund, also in Richtung auf die heutige Arena. Vier Klassenr\u00e4ume sollten es werden und im Tiefparterre eine K\u00fcche und Werkr\u00e4ume. Doch der Erste Weltkrieg machte einen Strich durch die sch\u00f6ne Rechnung. Schade! Auch heute noch k\u00f6nnten wir die R\u00e4ume gut gebrauchen.<\/p>\n\n\n\n<p>Unser Namensgeber: <a href=\"https:\/\/eichendorffschule-essen.de\/?page_id=201\">Joseph Freiherr von Eichendorff<\/a><\/p>\n\n\n\n<p><\/p>\n","protected":false},"excerpt":{"rendered":"<p>Die Eichendorffschule in Essen-Sch\u00f6nebeck Stolze Vergangenheit &#8211; Lebendige Gegenwart &#8211; und die Zukunft? Vor 150 Jahren, als Sch\u00f6nebeck noch eine Streusiedlung mit einigen hundert Einwohnern war, wurde durch viele Eltern der Wunsch nach einer schulischen Bildung ihrer Kinder ge\u00e4u\u00dfert. Zwar hatte es an der Aktienstra\u00dfe schon einmal ein \u201aSchullokal\u2019 gegeben. Doch muss das p\u00e4dagogische Wirken <a class=\"read-more\" href=\"https:\/\/eichendorffschule-essen.de\/?page_id=52\">READ MORE<\/a><\/p>\n","protected":false},"author":1,"featured_media":0,"parent":0,"menu_order":0,"comment_status":"closed","ping_status":"closed","template":"template-full-width.php","meta":{"footnotes":""},"class_list":["post-52","page","type-page","status-publish","hentry"],"_links":{"self":[{"href":"https:\/\/eichendorffschule-essen.de\/index.php?rest_route=\/wp\/v2\/pages\/52","targetHints":{"allow":["GET"]}}],"collection":[{"href":"https:\/\/eichendorffschule-essen.de\/index.php?rest_route=\/wp\/v2\/pages"}],"about":[{"href":"https:\/\/eichendorffschule-essen.de\/index.php?rest_route=\/wp\/v2\/types\/page"}],"author":[{"embeddable":true,"href":"https:\/\/eichendorffschule-essen.de\/index.php?rest_route=\/wp\/v2\/users\/1"}],"replies":[{"embeddable":true,"href":"https:\/\/eichendorffschule-essen.de\/index.php?rest_route=%2Fwp%2Fv2%2Fcomments&post=52"}],"version-history":[{"count":7,"href":"https:\/\/eichendorffschule-essen.de\/index.php?rest_route=\/wp\/v2\/pages\/52\/revisions"}],"predecessor-version":[{"id":636,"href":"https:\/\/eichendorffschule-essen.de\/index.php?rest_route=\/wp\/v2\/pages\/52\/revisions\/636"}],"wp:attachment":[{"href":"https:\/\/eichendorffschule-essen.de\/index.php?rest_route=%2Fwp%2Fv2%2Fmedia&parent=52"}],"curies":[{"name":"wp","href":"https:\/\/api.w.org\/{rel}","templated":true}]}}