{"id":491,"date":"2019-10-31T18:45:21","date_gmt":"2019-10-31T18:45:21","guid":{"rendered":"http:\/\/eichendorffschule-essen.de\/?page_id=491"},"modified":"2025-12-11T17:25:48","modified_gmt":"2025-12-11T17:25:48","slug":"eichenspatz","status":"publish","type":"page","link":"https:\/\/eichendorffschule-essen.de\/?page_id=491","title":{"rendered":"Der Eichenspatz"},"content":{"rendered":"\n<p>Unser <strong>EICHENSPATZ<\/strong> ist im Jahr 2007 durch eine Elterninitiative der Elternschaft entstanden. Die einzelnen Angebote und Aktivit\u00e4ten aus dem sportlichen und kreativen Bereich, aber auch spannende Blicke hinter die Kulissen von besonderen Orten etc. werden durch die Elternschaft zusammengetragen und sorgf\u00e4ltig ausgesucht. Alle Angebote werden dann anschlie\u00dfend in einem Programmheft zusammengestellt und an die Sch\u00fclerInnen vor Beginn des kommenden Halbjahres verteilt.<\/p>\n\n\n<div class=\"wp-block-image\">\n<figure class=\"alignright size-full is-resized\"><img loading=\"lazy\" decoding=\"async\" width=\"448\" height=\"399\" src=\"https:\/\/eichendorffschule-essen.de\/wp-content\/uploads\/2023\/03\/Logo-klein.png\" alt=\"\" class=\"wp-image-4351\" style=\"width:175px;height:156px\" srcset=\"https:\/\/eichendorffschule-essen.de\/wp-content\/uploads\/2023\/03\/Logo-klein.png 448w, https:\/\/eichendorffschule-essen.de\/wp-content\/uploads\/2023\/03\/Logo-klein-300x267.png 300w\" sizes=\"auto, (max-width: 448px) 100vw, 448px\" \/><\/figure>\n<\/div>\n\n\n<p>Wir freuen uns sehr, dass wir seit der zweiten Schuljahresh\u00e4lfte&nbsp;2022\/2023 die Erweiterung des Kursprogramms auf den roten Standort realisieren k\u00f6nnen. In Absprache mit der Schulleitung und den F\u00f6rdervereinen ist es m\u00f6glich, dass <strong>die Kinder BEIDER STANDORTE sich in den Kursen des Eichenspatz-Programms begegnen und weiter kennenlernen<\/strong>. Wir freuen uns \u00fcber diese Entwicklung, sind dankbar und motiviert durch den Zuspruch und die Beteiligung der Elternschaften beider Standorte bei der inhaltlichen Gestaltung des Programms.<\/p>\n\n\n\n<p>Weitere wichtige und aktuelle Informationen erhalten Sie auf folgender TaskCard:<\/p>\n\n\n\n<p><a href=\"https:\/\/www.taskcards.de\/#\/board\/48790235-152f-4aba-95e3-acae020363a0?token=5ae0a8c3-3c10-4ab3-8489-58a1be21d6a8\" target=\"_blank\" rel=\"noreferrer noopener\"><strong>TaskCard<\/strong><\/a><\/p>\n\n\n\n<h3 class=\"wp-block-heading\"><strong>Der Eichenspatz fliegt nicht von allein&#8230;&nbsp;<\/strong><\/h3>\n\n\n<div class=\"wp-block-image is-resized\">\n<figure class=\"alignright size-full\"><img loading=\"lazy\" decoding=\"async\" width=\"498\" height=\"516\" src=\"https:\/\/eichendorffschule-essen.de\/wp-content\/uploads\/2024\/06\/Bildschirmfoto-2024-06-25-um-18.48.16.png\" alt=\"\" class=\"wp-image-5000\" style=\"width:119px;height:auto\" srcset=\"https:\/\/eichendorffschule-essen.de\/wp-content\/uploads\/2024\/06\/Bildschirmfoto-2024-06-25-um-18.48.16.png 498w, https:\/\/eichendorffschule-essen.de\/wp-content\/uploads\/2024\/06\/Bildschirmfoto-2024-06-25-um-18.48.16-290x300.png 290w\" sizes=\"auto, (max-width: 498px) 100vw, 498px\" \/><\/figure>\n<\/div>\n\n\n<p>Dennoch und gerade aufgrund der Erweiterung des Programms sagen wir deutlich: <strong>Der Eichenspatz fliegt nicht von allein.<\/strong> Um unseren Kindern weiterhin interessante und vielf\u00e4ltige Angebote bieten zu k\u00f6nnen, sind wir auf das stetige Engagements der Eltern angewiesen. Jede\/r ist herzlich eingeladen, beim Eichenspatz mitzuwirken.<\/p>\n\n\n\n<p>Kurse f\u00fcr das jeweils n\u00e4chste Programmheft k\u00f6nnen jederzeit unter folgendem Link eingegeben werden:<\/p>\n\n\n\n<p><a href=\"https:\/\/forms.gle\/La14Z4WHDTaAt9Xt8\" target=\"_blank\" rel=\"noreferrer noopener\"><strong>https:\/\/forms.gle\/La14Z4WHDTaAt9Xt8<\/strong><\/a><\/p>\n\n\n\n<p>An dieser Stelle sei DANK allen flei\u00dfigen Helfern des <strong>EICHENSPATZES<\/strong> gesagt.<\/p>\n\n\n\n<br> <br>\n\n\n\n\n\n<div class=\"wp-block-columns is-layout-flex wp-container-core-columns-is-layout-9d6595d7 wp-block-columns-is-layout-flex\">\n<div class=\"wp-block-column is-layout-flow wp-block-column-is-layout-flow\">\n<p><strong>Hier geht es zum Programm:<\/strong><\/p>\n<p><strong><a href=\"https:\/\/eichendorffschule-essen.de\/wp-content\/uploads\/2025\/12\/Eichenspatz-Kursheft-Fruehjahr_Sommer-2026.pdf\" target=\"_blank\" rel=\"noopener\">Eichenspatz Kursheft Fr\u00fchjahr\/ Sommer 2026<\/a><\/strong><\/p>\n<p>\u00a0<\/p>\n<p>\u00a0<\/p>\n<\/div>\n\n\n\n<div class=\"wp-block-column is-layout-flow wp-block-column-is-layout-flow\">\n<p><strong>Hier geht es zur Anmeldung:<\/strong><\/p>\n\n\n\n<p><a href=\"https:\/\/forms.gle\/YzuojbCHxuQX6imdA\" target=\"_blank\" rel=\"noreferrer noopener\"><strong>Fr\u00fchjahr\/ Sommer 2026<\/strong><\/a><\/p>\n<\/div>\n<\/div>\n\n\n\n<p><\/p>\n","protected":false},"excerpt":{"rendered":"<p>Unser EICHENSPATZ ist im Jahr 2007 durch eine Elterninitiative der Elternschaft entstanden. Die einzelnen Angebote und Aktivit\u00e4ten aus dem sportlichen und kreativen Bereich, aber auch spannende Blicke hinter die Kulissen von besonderen Orten etc. werden durch die Elternschaft zusammengetragen und sorgf\u00e4ltig ausgesucht. Alle Angebote werden dann anschlie\u00dfend in einem Programmheft zusammengestellt und an die Sch\u00fclerInnen <a class=\"read-more\" href=\"https:\/\/eichendorffschule-essen.de\/?page_id=491\">READ MORE<\/a><\/p>\n","protected":false},"author":1,"featured_media":0,"parent":0,"menu_order":0,"comment_status":"closed","ping_status":"closed","template":"","meta":{"iawp_total_views":3,"footnotes":""},"class_list":["post-491","page","type-page","status-publish","hentry"],"_links":{"self":[{"href":"https:\/\/eichendorffschule-essen.de\/index.php?rest_route=\/wp\/v2\/pages\/491","targetHints":{"allow":["GET"]}}],"collection":[{"href":"https:\/\/eichendorffschule-essen.de\/index.php?rest_route=\/wp\/v2\/pages"}],"about":[{"href":"https:\/\/eichendorffschule-essen.de\/index.php?rest_route=\/wp\/v2\/types\/page"}],"author":[{"embeddable":true,"href":"https:\/\/eichendorffschule-essen.de\/index.php?rest_route=\/wp\/v2\/users\/1"}],"replies":[{"embeddable":true,"href":"https:\/\/eichendorffschule-essen.de\/index.php?rest_route=%2Fwp%2Fv2%2Fcomments&post=491"}],"version-history":[{"count":88,"href":"https:\/\/eichendorffschule-essen.de\/index.php?rest_route=\/wp\/v2\/pages\/491\/revisions"}],"predecessor-version":[{"id":5796,"href":"https:\/\/eichendorffschule-essen.de\/index.php?rest_route=\/wp\/v2\/pages\/491\/revisions\/5796"}],"wp:attachment":[{"href":"https:\/\/eichendorffschule-essen.de\/index.php?rest_route=%2Fwp%2Fv2%2Fmedia&parent=491"}],"curies":[{"name":"wp","href":"https:\/\/api.w.org\/{rel}","templated":true}]}}