{"id":4826,"date":"2024-02-29T14:29:06","date_gmt":"2024-02-29T14:29:06","guid":{"rendered":"https:\/\/eichendorffschule-essen.de\/?page_id=4826"},"modified":"2025-12-19T09:35:21","modified_gmt":"2025-12-19T09:35:21","slug":"kinderparlament","status":"publish","type":"page","link":"https:\/\/eichendorffschule-essen.de\/?page_id=4826","title":{"rendered":"Kinderparlament"},"content":{"rendered":"\n<h4 class=\"wp-block-heading\"><strong>Was ist das Kinderparlament?<\/strong><\/h4>\n\n\n<div class=\"wp-block-image\">\n<figure class=\"alignright size-full is-resized\"><img loading=\"lazy\" decoding=\"async\" width=\"640\" height=\"480\" src=\"https:\/\/eichendorffschule-essen.de\/wp-content\/uploads\/2023\/11\/IMG_1912.jpg\" alt=\"\" class=\"wp-image-4730\" style=\"width:283px;height:auto\" srcset=\"https:\/\/eichendorffschule-essen.de\/wp-content\/uploads\/2023\/11\/IMG_1912.jpg 640w, https:\/\/eichendorffschule-essen.de\/wp-content\/uploads\/2023\/11\/IMG_1912-300x225.jpg 300w\" sizes=\"auto, (max-width: 640px) 100vw, 640px\" \/><\/figure>\n<\/div>\n\n\n<p>Das Kinderparlament existiert seit dem Schuljahr 2023\/2024 und findet einmal im Schulhalbjahr standortbezogen am Roten und Gelben Standort statt. Es besteht aus den beiden gew\u00e4hlten KlassensprecherInnen jeder Klasse, der Schulleitung, sozialp\u00e4dagogischen Fachkr\u00e4ften und manchmal auch LehrerInnen und ErzieherInnen.<\/p>\n\n\n\n<h4 class=\"wp-block-heading\"><strong>Podcast zum Kinderparlament<\/strong><\/h4>\n\n\n\n<p><strong>Folge 3:<\/strong> <strong>Zusammenfassung des 1. Kinderparlaments 2025\/26<\/strong><\/p>\n\n\n\n<figure class=\"wp-block-audio\"><audio controls src=\"https:\/\/eichendorffschule-essen.de\/wp-content\/uploads\/2025\/12\/Podcast-KIPA-12.12.m4a\"><\/audio><\/figure>\n\n\n\n<figure class=\"wp-block-gallery has-nested-images columns-default is-cropped wp-block-gallery-1 is-layout-flex wp-block-gallery-is-layout-flex\">\n<figure class=\"wp-block-image size-large\"><img loading=\"lazy\" decoding=\"async\" width=\"1024\" height=\"768\" data-id=\"5799\" src=\"https:\/\/eichendorffschule-essen.de\/wp-content\/uploads\/2025\/12\/IMG-20251218-WA0005-1-1024x768.jpg\" alt=\"\" class=\"wp-image-5799\" srcset=\"https:\/\/eichendorffschule-essen.de\/wp-content\/uploads\/2025\/12\/IMG-20251218-WA0005-1-1024x768.jpg 1024w, https:\/\/eichendorffschule-essen.de\/wp-content\/uploads\/2025\/12\/IMG-20251218-WA0005-1-300x225.jpg 300w, https:\/\/eichendorffschule-essen.de\/wp-content\/uploads\/2025\/12\/IMG-20251218-WA0005-1-768x576.jpg 768w, https:\/\/eichendorffschule-essen.de\/wp-content\/uploads\/2025\/12\/IMG-20251218-WA0005-1-1536x1152.jpg 1536w, https:\/\/eichendorffschule-essen.de\/wp-content\/uploads\/2025\/12\/IMG-20251218-WA0005-1.jpg 1600w\" sizes=\"auto, (max-width: 1024px) 100vw, 1024px\" \/><\/figure>\n\n\n\n<figure class=\"wp-block-image size-large\"><img loading=\"lazy\" decoding=\"async\" width=\"1024\" height=\"768\" data-id=\"5798\" src=\"https:\/\/eichendorffschule-essen.de\/wp-content\/uploads\/2025\/12\/IMG-20251218-WA0005-1024x768.jpg\" alt=\"\" class=\"wp-image-5798\" srcset=\"https:\/\/eichendorffschule-essen.de\/wp-content\/uploads\/2025\/12\/IMG-20251218-WA0005-1024x768.jpg 1024w, https:\/\/eichendorffschule-essen.de\/wp-content\/uploads\/2025\/12\/IMG-20251218-WA0005-300x225.jpg 300w, https:\/\/eichendorffschule-essen.de\/wp-content\/uploads\/2025\/12\/IMG-20251218-WA0005-768x576.jpg 768w, https:\/\/eichendorffschule-essen.de\/wp-content\/uploads\/2025\/12\/IMG-20251218-WA0005-1536x1152.jpg 1536w, https:\/\/eichendorffschule-essen.de\/wp-content\/uploads\/2025\/12\/IMG-20251218-WA0005.jpg 1600w\" sizes=\"auto, (max-width: 1024px) 100vw, 1024px\" \/><\/figure>\n<\/figure>\n\n\n\n<p><strong>Folge 2: Gespr\u00e4ch mit Frau Freitag &#8211; Was ist seit dem letzten Kinderparlament passiert?<\/strong><\/p>\n\n\n\n<figure class=\"wp-block-audio\"><audio controls src=\"https:\/\/eichendorffschule-essen.de\/wp-content\/uploads\/2024\/07\/Podcastfolge-2.mp3\"><\/audio><\/figure>\n\n\n\n<p>Auch das zweite Kinderparlament der Eichendorffschule Sch\u00f6nebeck fand standortbezogen statt. Hier wurde intensiv \u00fcber die W\u00fcnsche und Anregungen der ersten Sitzung gesprochen. Was konnte schon umgesetzt werden, was ist noch w\u00fcnschenswert? Des Weiteren wurden aus den einzelnen Klassen Wohlf\u00fchlorte der Schule benannt und ausgewertet.<\/p>\n\n\n\n<figure class=\"wp-block-gallery has-nested-images columns-default is-cropped wp-block-gallery-2 is-layout-flex wp-block-gallery-is-layout-flex\">\n<figure class=\"wp-block-image size-large\"><img loading=\"lazy\" decoding=\"async\" width=\"640\" height=\"480\" data-id=\"4919\" src=\"https:\/\/eichendorffschule-essen.de\/wp-content\/uploads\/2024\/04\/IMG_2818.jpg\" alt=\"\" class=\"wp-image-4919\" srcset=\"https:\/\/eichendorffschule-essen.de\/wp-content\/uploads\/2024\/04\/IMG_2818.jpg 640w, https:\/\/eichendorffschule-essen.de\/wp-content\/uploads\/2024\/04\/IMG_2818-300x225.jpg 300w\" sizes=\"auto, (max-width: 640px) 100vw, 640px\" \/><\/figure>\n\n\n\n<figure class=\"wp-block-image size-large\"><img loading=\"lazy\" decoding=\"async\" width=\"640\" height=\"480\" data-id=\"4921\" src=\"https:\/\/eichendorffschule-essen.de\/wp-content\/uploads\/2024\/04\/IMG_2821.jpg\" alt=\"\" class=\"wp-image-4921\" srcset=\"https:\/\/eichendorffschule-essen.de\/wp-content\/uploads\/2024\/04\/IMG_2821.jpg 640w, https:\/\/eichendorffschule-essen.de\/wp-content\/uploads\/2024\/04\/IMG_2821-300x225.jpg 300w\" sizes=\"auto, (max-width: 640px) 100vw, 640px\" \/><\/figure>\n<\/figure>\n\n\n\n<p>&nbsp;<\/p>\n<p>&nbsp;<\/p>\n\n\n\n<hr class=\"wp-block-separator has-alpha-channel-opacity\"\/>\n\n\n\n<p><strong>Folge 1: Gespr\u00e4ch mit Frau Freitag &#8211; Was ist das Kinderparlament?<\/strong><\/p>\n\n\n\n<figure class=\"wp-block-audio\"><audio controls src=\"https:\/\/eichendorffschule-essen.de\/wp-content\/uploads\/2024\/02\/Podcast.mp3\"><\/audio><\/figure>\n\n\n\n<p>\u00a0<\/p>\n<p>\u00a0<\/p>\n\n\n\n<figure class=\"wp-block-gallery aligncenter has-nested-images columns-default is-cropped wp-block-gallery-3 is-layout-flex wp-block-gallery-is-layout-flex\">\n<figure class=\"wp-block-image size-large\"><img loading=\"lazy\" decoding=\"async\" width=\"640\" height=\"480\" data-id=\"4728\" src=\"https:\/\/eichendorffschule-essen.de\/wp-content\/uploads\/2023\/11\/IMG_1900.jpg\" alt=\"\" class=\"wp-image-4728\" srcset=\"https:\/\/eichendorffschule-essen.de\/wp-content\/uploads\/2023\/11\/IMG_1900.jpg 640w, https:\/\/eichendorffschule-essen.de\/wp-content\/uploads\/2023\/11\/IMG_1900-300x225.jpg 300w\" sizes=\"auto, (max-width: 640px) 100vw, 640px\" \/><\/figure>\n\n\n\n<figure class=\"wp-block-image size-large\"><img loading=\"lazy\" decoding=\"async\" width=\"640\" height=\"480\" data-id=\"4727\" src=\"https:\/\/eichendorffschule-essen.de\/wp-content\/uploads\/2023\/11\/IMG_1901.jpg\" alt=\"\" class=\"wp-image-4727\" srcset=\"https:\/\/eichendorffschule-essen.de\/wp-content\/uploads\/2023\/11\/IMG_1901.jpg 640w, https:\/\/eichendorffschule-essen.de\/wp-content\/uploads\/2023\/11\/IMG_1901-300x225.jpg 300w\" sizes=\"auto, (max-width: 640px) 100vw, 640px\" \/><\/figure>\n<\/figure>\n","protected":false},"excerpt":{"rendered":"<p>Was ist das Kinderparlament? Das Kinderparlament existiert seit dem Schuljahr 2023\/2024 und findet einmal im Schulhalbjahr standortbezogen am Roten und Gelben Standort statt. Es besteht aus den beiden gew\u00e4hlten KlassensprecherInnen jeder Klasse, der Schulleitung, sozialp\u00e4dagogischen Fachkr\u00e4ften und manchmal auch LehrerInnen und ErzieherInnen. Podcast zum Kinderparlament Folge 3: Zusammenfassung des 1. Kinderparlaments 2025\/26 Folge 2: Gespr\u00e4ch <a class=\"read-more\" href=\"https:\/\/eichendorffschule-essen.de\/?page_id=4826\">READ MORE<\/a><\/p>\n","protected":false},"author":1,"featured_media":0,"parent":0,"menu_order":0,"comment_status":"closed","ping_status":"closed","template":"","meta":{"footnotes":""},"class_list":["post-4826","page","type-page","status-publish","hentry"],"_links":{"self":[{"href":"https:\/\/eichendorffschule-essen.de\/index.php?rest_route=\/wp\/v2\/pages\/4826","targetHints":{"allow":["GET"]}}],"collection":[{"href":"https:\/\/eichendorffschule-essen.de\/index.php?rest_route=\/wp\/v2\/pages"}],"about":[{"href":"https:\/\/eichendorffschule-essen.de\/index.php?rest_route=\/wp\/v2\/types\/page"}],"author":[{"embeddable":true,"href":"https:\/\/eichendorffschule-essen.de\/index.php?rest_route=\/wp\/v2\/users\/1"}],"replies":[{"embeddable":true,"href":"https:\/\/eichendorffschule-essen.de\/index.php?rest_route=%2Fwp%2Fv2%2Fcomments&post=4826"}],"version-history":[{"count":16,"href":"https:\/\/eichendorffschule-essen.de\/index.php?rest_route=\/wp\/v2\/pages\/4826\/revisions"}],"predecessor-version":[{"id":5898,"href":"https:\/\/eichendorffschule-essen.de\/index.php?rest_route=\/wp\/v2\/pages\/4826\/revisions\/5898"}],"wp:attachment":[{"href":"https:\/\/eichendorffschule-essen.de\/index.php?rest_route=%2Fwp%2Fv2%2Fmedia&parent=4826"}],"curies":[{"name":"wp","href":"https:\/\/api.w.org\/{rel}","templated":true}]}}