{"id":48,"date":"2019-09-23T15:41:34","date_gmt":"2019-09-23T15:41:34","guid":{"rendered":"http:\/\/eichendorffschule-essen.de\/?page_id=48"},"modified":"2023-03-30T17:55:31","modified_gmt":"2023-03-30T17:55:31","slug":"seiteneinsteiger","status":"publish","type":"page","link":"https:\/\/eichendorffschule-essen.de\/?page_id=48","title":{"rendered":"Seiteneinsteiger"},"content":{"rendered":"\n<p>Die herzliche Aufnahme und Integration von Kindern mit Seiteneinsteiger-Status (Kinder aus anderen L\u00e4ndern und Kinder, deren Familien aus ihrem Heimatland fl\u00fcchten mussten) ist f\u00fcr uns eine Selbstverst\u00e4ndlichkeit und deren F\u00f6rderung eine f\u00fcr uns wichtige Aufgabe. So m\u00fcssen nicht nur h\u00e4ufig erhebliche Sprachbarrieren, sondern auch schwierige Erfahrungen w\u00e4hrend der Flucht und unterschiedliche schulische Vorerfahrungen der Kinder in der Schule ber\u00fccksichtigt werden.&nbsp;&nbsp;<\/p>\n\n\n\n<p><strong>F\u00f6rderangebote:<\/strong><\/p>\n\n\n\n<ul class=\"wp-block-list\">\n<li>DAZ \u2013 F\u00f6rderung (<strong>D<\/strong>eutsch&nbsp;<strong>a<\/strong>ls&nbsp;<strong>Z<\/strong>weitsprache)<\/li>\n\n\n\n<li>Lernf\u00f6rderung durch das Jobcenter (BUT &#8211;&nbsp;<strong>B<\/strong>ildung&nbsp;<strong>u<\/strong>nd&nbsp;<strong>T<\/strong>eilhabe)<\/li>\n\n\n\n<li>Differenziertes Unterrichtsmaterial im Klassenverband<\/li>\n\n\n\n<li>Spezielle F\u00f6rdergruppen<\/li>\n<\/ul>\n","protected":false},"excerpt":{"rendered":"<p>Die herzliche Aufnahme und Integration von Kindern mit Seiteneinsteiger-Status (Kinder aus anderen L\u00e4ndern und Kinder, deren Familien aus ihrem Heimatland fl\u00fcchten mussten) ist f\u00fcr uns eine Selbstverst\u00e4ndlichkeit und deren F\u00f6rderung eine f\u00fcr uns wichtige Aufgabe. So m\u00fcssen nicht nur h\u00e4ufig erhebliche Sprachbarrieren, sondern auch schwierige Erfahrungen w\u00e4hrend der Flucht und unterschiedliche schulische Vorerfahrungen der Kinder <a class=\"read-more\" href=\"https:\/\/eichendorffschule-essen.de\/?page_id=48\">READ MORE<\/a><\/p>\n","protected":false},"author":1,"featured_media":0,"parent":0,"menu_order":0,"comment_status":"closed","ping_status":"closed","template":"template-full-width.php","meta":{"footnotes":""},"class_list":["post-48","page","type-page","status-publish","hentry"],"_links":{"self":[{"href":"https:\/\/eichendorffschule-essen.de\/index.php?rest_route=\/wp\/v2\/pages\/48","targetHints":{"allow":["GET"]}}],"collection":[{"href":"https:\/\/eichendorffschule-essen.de\/index.php?rest_route=\/wp\/v2\/pages"}],"about":[{"href":"https:\/\/eichendorffschule-essen.de\/index.php?rest_route=\/wp\/v2\/types\/page"}],"author":[{"embeddable":true,"href":"https:\/\/eichendorffschule-essen.de\/index.php?rest_route=\/wp\/v2\/users\/1"}],"replies":[{"embeddable":true,"href":"https:\/\/eichendorffschule-essen.de\/index.php?rest_route=%2Fwp%2Fv2%2Fcomments&post=48"}],"version-history":[{"count":5,"href":"https:\/\/eichendorffschule-essen.de\/index.php?rest_route=\/wp\/v2\/pages\/48\/revisions"}],"predecessor-version":[{"id":4375,"href":"https:\/\/eichendorffschule-essen.de\/index.php?rest_route=\/wp\/v2\/pages\/48\/revisions\/4375"}],"wp:attachment":[{"href":"https:\/\/eichendorffschule-essen.de\/index.php?rest_route=%2Fwp%2Fv2%2Fmedia&parent=48"}],"curies":[{"name":"wp","href":"https:\/\/api.w.org\/{rel}","templated":true}]}}