{"id":458,"date":"2019-11-01T11:33:34","date_gmt":"2019-11-01T11:33:34","guid":{"rendered":"http:\/\/eichendorffschule-essen.de\/?page_id=458"},"modified":"2024-02-08T15:15:20","modified_gmt":"2024-02-08T15:15:20","slug":"vorstand","status":"publish","type":"page","link":"https:\/\/eichendorffschule-essen.de\/?page_id=458","title":{"rendered":"Vorstand"},"content":{"rendered":"\n<figure class=\"wp-block-table alignfull\"><table class=\"has-background\" style=\"background-color:#f3f4f5\"><tbody><tr><td class=\"has-text-align-center\" data-align=\"center\">Sebastian Hilterscheid<br>Vorsitzender<br><\/td><td class=\"has-text-align-center\" data-align=\"center\">Christina P\u00f6stges<br>1. stellv. Vorsitzende<br><\/td><td class=\"has-text-align-center\" data-align=\"center\">Tobias Breil<br>2.&nbsp;stellv. Vorsitzender<br><\/td><td class=\"has-text-align-center\" data-align=\"center\">Carina Liebing<br>Schriftf\u00fchrerin<br><\/td><td class=\"has-text-align-center\" data-align=\"center\">Dominic Wien<br>Kassenwart<\/td><\/tr><\/tbody><\/table><\/figure>\n\n\n\n<p>F\u00fcr Vorstandsangelegenheiten benutzen Sie bitte die folgende E-Mail-Adresse:&nbsp;<a href=\"mailto:vorstand@fv-eichendorff-essen.de\">vorstand@fv-eichendorff-essen.de<\/a><\/p>\n\n\n\n<p>F\u00fcr die Au\u00dfenkommunikation benutzen Sie bitte die folgende E-Mail-Adresse:&nbsp;<a href=\"mailto:info@fv-eichendorff-essen.de\">info@fv-eichendorff-essen.de<\/a><\/p>\n","protected":false},"excerpt":{"rendered":"<p>Sebastian HilterscheidVorsitzender Christina P\u00f6stges1. stellv. Vorsitzende Tobias Breil2.&nbsp;stellv. Vorsitzender Carina LiebingSchriftf\u00fchrerin Dominic WienKassenwart F\u00fcr Vorstandsangelegenheiten benutzen Sie bitte die folgende E-Mail-Adresse:&nbsp;vorstand@fv-eichendorff-essen.de F\u00fcr die Au\u00dfenkommunikation benutzen Sie bitte die folgende E-Mail-Adresse:&nbsp;info@fv-eichendorff-essen.de<\/p>\n","protected":false},"author":1,"featured_media":0,"parent":0,"menu_order":0,"comment_status":"closed","ping_status":"closed","template":"","meta":{"footnotes":""},"class_list":["post-458","page","type-page","status-publish","hentry"],"_links":{"self":[{"href":"https:\/\/eichendorffschule-essen.de\/index.php?rest_route=\/wp\/v2\/pages\/458","targetHints":{"allow":["GET"]}}],"collection":[{"href":"https:\/\/eichendorffschule-essen.de\/index.php?rest_route=\/wp\/v2\/pages"}],"about":[{"href":"https:\/\/eichendorffschule-essen.de\/index.php?rest_route=\/wp\/v2\/types\/page"}],"author":[{"embeddable":true,"href":"https:\/\/eichendorffschule-essen.de\/index.php?rest_route=\/wp\/v2\/users\/1"}],"replies":[{"embeddable":true,"href":"https:\/\/eichendorffschule-essen.de\/index.php?rest_route=%2Fwp%2Fv2%2Fcomments&post=458"}],"version-history":[{"count":21,"href":"https:\/\/eichendorffschule-essen.de\/index.php?rest_route=\/wp\/v2\/pages\/458\/revisions"}],"predecessor-version":[{"id":4792,"href":"https:\/\/eichendorffschule-essen.de\/index.php?rest_route=\/wp\/v2\/pages\/458\/revisions\/4792"}],"wp:attachment":[{"href":"https:\/\/eichendorffschule-essen.de\/index.php?rest_route=%2Fwp%2Fv2%2Fmedia&parent=458"}],"curies":[{"name":"wp","href":"https:\/\/api.w.org\/{rel}","templated":true}]}}