{"id":455,"date":"2019-10-31T18:05:17","date_gmt":"2019-10-31T18:05:17","guid":{"rendered":"http:\/\/eichendorffschule-essen.de\/?page_id=455"},"modified":"2021-02-11T09:41:06","modified_gmt":"2021-02-11T09:41:06","slug":"projekte","status":"publish","type":"page","link":"https:\/\/eichendorffschule-essen.de\/?page_id=455","title":{"rendered":"Projekte"},"content":{"rendered":"\n<p><strong>Eine&nbsp;Auswahl der regelm\u00e4\u00dfigen Hilfe:<\/strong><\/p>\n\n\n\n<ul class=\"wp-block-list\"><li>Anschaffung zus\u00e4tzlicher Lehr- und Arbeitsmittel f\u00fcr den Unterricht<\/li><li>Grundausstattung der Klassen mit Schulhof- und Pausenspielger\u00e4ten<\/li><li>Unterst\u00fctzung finanziell bed\u00fcrftiger Sch\u00fcler<\/li><li>Bezuschussung von Theaterbesuchen und Klassenfahrten<\/li><li>\u201c\u00a0<a href=\"https:\/\/www.meinkoerpergehoertmir.de\/index.html\">MEIN K\u00d6RPER GEH\u00d6RT MIR<\/a>\u201c, ein Vorbeugeprojekt zum Schutz vor sexuellem Missbrauch bei Kindern.<\/li><li>Zusch\u00fcsse der Klassenrenovierungen<\/li><li>Organisation des Zirkusprojekts und Tombola<\/li><li>Finanzielle Abwicklung der flexiblen Betreuung<\/li><\/ul>\n","protected":false},"excerpt":{"rendered":"<p>Eine&nbsp;Auswahl der regelm\u00e4\u00dfigen Hilfe: Anschaffung zus\u00e4tzlicher Lehr- und Arbeitsmittel f\u00fcr den Unterricht Grundausstattung der Klassen mit Schulhof- und Pausenspielger\u00e4ten Unterst\u00fctzung finanziell bed\u00fcrftiger Sch\u00fcler Bezuschussung von Theaterbesuchen und Klassenfahrten \u201c\u00a0MEIN K\u00d6RPER GEH\u00d6RT MIR\u201c, ein Vorbeugeprojekt zum Schutz vor sexuellem Missbrauch bei Kindern. Zusch\u00fcsse der Klassenrenovierungen Organisation des Zirkusprojekts und Tombola Finanzielle Abwicklung der flexiblen Betreuung<\/p>\n","protected":false},"author":1,"featured_media":0,"parent":0,"menu_order":0,"comment_status":"closed","ping_status":"closed","template":"","meta":{"iawp_total_views":0,"footnotes":""},"class_list":["post-455","page","type-page","status-publish","hentry"],"_links":{"self":[{"href":"https:\/\/eichendorffschule-essen.de\/index.php?rest_route=\/wp\/v2\/pages\/455","targetHints":{"allow":["GET"]}}],"collection":[{"href":"https:\/\/eichendorffschule-essen.de\/index.php?rest_route=\/wp\/v2\/pages"}],"about":[{"href":"https:\/\/eichendorffschule-essen.de\/index.php?rest_route=\/wp\/v2\/types\/page"}],"author":[{"embeddable":true,"href":"https:\/\/eichendorffschule-essen.de\/index.php?rest_route=\/wp\/v2\/users\/1"}],"replies":[{"embeddable":true,"href":"https:\/\/eichendorffschule-essen.de\/index.php?rest_route=%2Fwp%2Fv2%2Fcomments&post=455"}],"version-history":[{"count":2,"href":"https:\/\/eichendorffschule-essen.de\/index.php?rest_route=\/wp\/v2\/pages\/455\/revisions"}],"predecessor-version":[{"id":2742,"href":"https:\/\/eichendorffschule-essen.de\/index.php?rest_route=\/wp\/v2\/pages\/455\/revisions\/2742"}],"wp:attachment":[{"href":"https:\/\/eichendorffschule-essen.de\/index.php?rest_route=%2Fwp%2Fv2%2Fmedia&parent=455"}],"curies":[{"name":"wp","href":"https:\/\/api.w.org\/{rel}","templated":true}]}}