{"id":429,"date":"2019-10-31T17:45:07","date_gmt":"2019-10-31T17:45:07","guid":{"rendered":"http:\/\/eichendorffschule-essen.de\/?page_id=429"},"modified":"2024-09-25T10:51:25","modified_gmt":"2024-09-25T10:51:25","slug":"8-bis-14-betreuung","status":"publish","type":"page","link":"https:\/\/eichendorffschule-essen.de\/?page_id=429","title":{"rendered":"8 bis 14 Betreuung"},"content":{"rendered":"<div class=\"wp-block-image\">\n<figure class=\"alignright is-resized\"><img loading=\"lazy\" decoding=\"async\" width=\"768\" height=\"1024\" src=\"https:\/\/eichendorffschule-essen.de\/wp-content\/uploads\/2019\/10\/Betreuung-768x1024.jpg\" alt=\"\" class=\"wp-image-425\" style=\"width:199px;height:265px\" srcset=\"https:\/\/eichendorffschule-essen.de\/wp-content\/uploads\/2019\/10\/Betreuung-768x1024.jpg 768w, https:\/\/eichendorffschule-essen.de\/wp-content\/uploads\/2019\/10\/Betreuung-225x300.jpg 225w, https:\/\/eichendorffschule-essen.de\/wp-content\/uploads\/2019\/10\/Betreuung.jpg 960w\" sizes=\"auto, (max-width: 768px) 100vw, 768px\" \/><\/figure>\n<\/div>\n\n\n<p>Selbstverst\u00e4ndlich bieten wir auch eine Betreuung bis 14.00 Uhr an.&nbsp;Wir haben zwei Alternativen zur Auswahl:<\/p>\n\n\n\n<p><strong>Variante 1:<\/strong> Eltern k\u00f6nnen&nbsp;<strong>t\u00e4glich<\/strong>&nbsp;eine Betreuung an unserer Schule anfordern \u00fcber die Stadt Essen<em>.<\/em><\/p>\n\n\n\n<p><strong>Variante 2<\/strong>: Eltern k\u00f6nnen eine flexible Betreuung&nbsp;<strong>an einzelnen Tagen&nbsp;<\/strong>in der Woche w\u00e4hlen. Dieses ist nat\u00fcrlich kosteng\u00fcnstiger und wird nicht \u00fcber die Stadt Essen, sondern privat \u00fcber unsere Schule organisiert.<\/p>\n\n\n\n<p>F\u00fcr die Kinder macht es keinen Unterschied. Sie werden in beiden Gruppen von den selben ErzieherInnen betreut. Allerdings nehmen die Kinder aus der 8-2-Betreuung nicht an dem gemeinsamen Mittagessen und den zus\u00e4tzlichen Angeboten teil. <\/p>\n\n\n\n<p>Formulare f\u00fcr die flexible Betreuung finden Sie <strong><a href=\"https:\/\/eichendorffschule-essen.de\/?page_id=13\" data-type=\"URL\" data-id=\"https:\/\/eichendorffschule-essen.de\/?page_id=13\">hier<\/a><\/strong>.<\/p>\n","protected":false},"excerpt":{"rendered":"<p>Selbstverst\u00e4ndlich bieten wir auch eine Betreuung bis 14.00 Uhr an.&nbsp;Wir haben zwei Alternativen zur Auswahl: Variante 1: Eltern k\u00f6nnen&nbsp;t\u00e4glich&nbsp;eine Betreuung an unserer Schule anfordern \u00fcber die Stadt Essen. Variante 2: Eltern k\u00f6nnen eine flexible Betreuung&nbsp;an einzelnen Tagen&nbsp;in der Woche w\u00e4hlen. Dieses ist nat\u00fcrlich kosteng\u00fcnstiger und wird nicht \u00fcber die Stadt Essen, sondern privat \u00fcber unsere <a class=\"read-more\" href=\"https:\/\/eichendorffschule-essen.de\/?page_id=429\">READ MORE<\/a><\/p>\n","protected":false},"author":1,"featured_media":0,"parent":0,"menu_order":0,"comment_status":"closed","ping_status":"closed","template":"","meta":{"footnotes":""},"class_list":["post-429","page","type-page","status-publish","hentry"],"_links":{"self":[{"href":"https:\/\/eichendorffschule-essen.de\/index.php?rest_route=\/wp\/v2\/pages\/429","targetHints":{"allow":["GET"]}}],"collection":[{"href":"https:\/\/eichendorffschule-essen.de\/index.php?rest_route=\/wp\/v2\/pages"}],"about":[{"href":"https:\/\/eichendorffschule-essen.de\/index.php?rest_route=\/wp\/v2\/types\/page"}],"author":[{"embeddable":true,"href":"https:\/\/eichendorffschule-essen.de\/index.php?rest_route=\/wp\/v2\/users\/1"}],"replies":[{"embeddable":true,"href":"https:\/\/eichendorffschule-essen.de\/index.php?rest_route=%2Fwp%2Fv2%2Fcomments&post=429"}],"version-history":[{"count":10,"href":"https:\/\/eichendorffschule-essen.de\/index.php?rest_route=\/wp\/v2\/pages\/429\/revisions"}],"predecessor-version":[{"id":5143,"href":"https:\/\/eichendorffschule-essen.de\/index.php?rest_route=\/wp\/v2\/pages\/429\/revisions\/5143"}],"wp:attachment":[{"href":"https:\/\/eichendorffschule-essen.de\/index.php?rest_route=%2Fwp%2Fv2%2Fmedia&parent=429"}],"curies":[{"name":"wp","href":"https:\/\/api.w.org\/{rel}","templated":true}]}}