{"id":424,"date":"2019-10-31T17:33:16","date_gmt":"2019-10-31T17:33:16","guid":{"rendered":"http:\/\/eichendorffschule-essen.de\/?page_id=424"},"modified":"2025-08-25T15:11:40","modified_gmt":"2025-08-25T15:11:40","slug":"fruehbetreuung","status":"publish","type":"page","link":"https:\/\/eichendorffschule-essen.de\/?page_id=424","title":{"rendered":"7 bis 9 Betreuung"},"content":{"rendered":"<div class=\"wp-block-image\">\n<figure class=\"alignright is-resized\"><img loading=\"lazy\" decoding=\"async\" width=\"768\" height=\"1024\" src=\"https:\/\/eichendorffschule-essen.de\/wp-content\/uploads\/2019\/10\/Betreuung-768x1024.jpg\" alt=\"\" class=\"wp-image-425\" style=\"width:195px;height:259px\" srcset=\"https:\/\/eichendorffschule-essen.de\/wp-content\/uploads\/2019\/10\/Betreuung-768x1024.jpg 768w, https:\/\/eichendorffschule-essen.de\/wp-content\/uploads\/2019\/10\/Betreuung-225x300.jpg 225w, https:\/\/eichendorffschule-essen.de\/wp-content\/uploads\/2019\/10\/Betreuung.jpg 960w\" sizes=\"auto, (max-width: 768px) 100vw, 768px\" \/><\/figure>\n<\/div>\n\n\n<p>Ab 7.00 Uhr steht die Fr\u00fchbetreuung allen Kindern der Schule zur Verf\u00fcgung, deren Eltern berufst\u00e4tig sind und ihr Kind aus dem Grund vor der ersten Unterrichtsstunde betreuen lassen m\u00fcssen.<\/p>\n\n\n\n<p>Auch Kinder, f\u00fcr die erst um 9.00 Uhr der Unterricht beginnt, k\u00f6nnen die Fr\u00fchbetreuung besuchen. Diese Betreuung ist unentgeltlich und kann flexibel seitens der Kinder und Eltern gehandhabt werden.<\/p>\n\n\n\n<p>Wir bem\u00fchen uns bei der Stundenplangestaltung aber darum, den Unterricht f\u00fcr alle Kinder um 8.15 Uhr zu beginnen.<\/p>\n\n\n\n<p>F\u00fcr die Fr\u00fchbetreuung ist eine verbindliche schriftliche Anmeldung erforderlich. Diese finden Sie <strong><a href=\"https:\/\/eichendorffschule-essen.de\/wp-content\/uploads\/2025\/08\/Fruehbetreuung-Anschreiben-SJ-25-26-GH.pdf\">hier<\/a><\/strong>.<\/p>\n","protected":false},"excerpt":{"rendered":"<p>Ab 7.00 Uhr steht die Fr\u00fchbetreuung allen Kindern der Schule zur Verf\u00fcgung, deren Eltern berufst\u00e4tig sind und ihr Kind aus dem Grund vor der ersten Unterrichtsstunde betreuen lassen m\u00fcssen. Auch Kinder, f\u00fcr die erst um 9.00 Uhr der Unterricht beginnt, k\u00f6nnen die Fr\u00fchbetreuung besuchen. Diese Betreuung ist unentgeltlich und kann flexibel seitens der Kinder und <a class=\"read-more\" href=\"https:\/\/eichendorffschule-essen.de\/?page_id=424\">READ MORE<\/a><\/p>\n","protected":false},"author":1,"featured_media":0,"parent":0,"menu_order":0,"comment_status":"closed","ping_status":"closed","template":"","meta":{"iawp_total_views":2,"footnotes":""},"class_list":["post-424","page","type-page","status-publish","hentry"],"_links":{"self":[{"href":"https:\/\/eichendorffschule-essen.de\/index.php?rest_route=\/wp\/v2\/pages\/424","targetHints":{"allow":["GET"]}}],"collection":[{"href":"https:\/\/eichendorffschule-essen.de\/index.php?rest_route=\/wp\/v2\/pages"}],"about":[{"href":"https:\/\/eichendorffschule-essen.de\/index.php?rest_route=\/wp\/v2\/types\/page"}],"author":[{"embeddable":true,"href":"https:\/\/eichendorffschule-essen.de\/index.php?rest_route=\/wp\/v2\/users\/1"}],"replies":[{"embeddable":true,"href":"https:\/\/eichendorffschule-essen.de\/index.php?rest_route=%2Fwp%2Fv2%2Fcomments&post=424"}],"version-history":[{"count":12,"href":"https:\/\/eichendorffschule-essen.de\/index.php?rest_route=\/wp\/v2\/pages\/424\/revisions"}],"predecessor-version":[{"id":5654,"href":"https:\/\/eichendorffschule-essen.de\/index.php?rest_route=\/wp\/v2\/pages\/424\/revisions\/5654"}],"wp:attachment":[{"href":"https:\/\/eichendorffschule-essen.de\/index.php?rest_route=%2Fwp%2Fv2%2Fmedia&parent=424"}],"curies":[{"name":"wp","href":"https:\/\/api.w.org\/{rel}","templated":true}]}}