{"id":361,"date":"2019-10-31T11:11:10","date_gmt":"2019-10-31T11:11:10","guid":{"rendered":"http:\/\/eichendorffschule-essen.de\/?page_id=361"},"modified":"2024-09-25T10:52:06","modified_gmt":"2024-09-25T10:52:06","slug":"offener-ganztag-ogs","status":"publish","type":"page","link":"https:\/\/eichendorffschule-essen.de\/?page_id=361","title":{"rendered":"Offener Ganztag &#8211; OGS"},"content":{"rendered":"<div class=\"wp-block-image\">\n<figure class=\"alignright\"><img loading=\"lazy\" decoding=\"async\" width=\"400\" height=\"267\" src=\"https:\/\/eichendorffschule-essen.de\/wp-content\/uploads\/2019\/10\/OGT.jpg\" alt=\"\" class=\"wp-image-390\" srcset=\"https:\/\/eichendorffschule-essen.de\/wp-content\/uploads\/2019\/10\/OGT.jpg 400w, https:\/\/eichendorffschule-essen.de\/wp-content\/uploads\/2019\/10\/OGT-300x200.jpg 300w\" sizes=\"auto, (max-width: 400px) 100vw, 400px\" \/><\/figure>\n<\/div>\n\n\n<p>Die Betreuung findet&nbsp;<strong>Montag bis Freitag von 7.00 Uhr bis 16.00 Uhr statt.<\/strong> Der Elternbeitrag bzw. Erm\u00e4\u00dfigung oder Beitragsfreiheit ist durch die Stadt Essen entsprechend einer Satzung geregelt und richtet sich nach dem jeweiligen Einkommen. Eine Information hierzu erhalten Sie im Schulamt der Stadt Essen bzw. an unserer Schule. In den Ferien bietet die Stadt Essen ein wohnortnahes Betreuungsangebot an.<\/p>\n\n\n\n<p>Derzeit besuchen etwa 85 Kinder unsere Einrichtung. Sie werden in der Zeit von 12.00 bis 16.00 Uhr betreut. <\/p>\n\n\n\n<p>Nach dem Unterrichtsende der jeweiligen Klassen werden die Kinder von uns liebevoll im Gruppenraum&nbsp;in Empfang genommen. Dabei haben sie oft das Bed\u00fcrfnis, die Erlebnisse des Vormittags mitzuteilen. Schon hier beginnt f\u00fcr uns die Individualit\u00e4t jedes einzelnen Kindes, auf das wir unser t\u00e4gliches Tun ausrichten.<\/p>\n\n\n\n<div style=\"height:28px\" aria-hidden=\"true\" class=\"wp-block-spacer\"><\/div>\n\n\n\n<figure class=\"wp-block-gallery has-nested-images columns-3 is-cropped wp-block-gallery-1 is-layout-flex wp-block-gallery-is-layout-flex\">\n<figure class=\"wp-block-image size-large\"><img loading=\"lazy\" decoding=\"async\" width=\"1024\" height=\"768\" data-id=\"379\" src=\"https:\/\/eichendorffschule-essen.de\/wp-content\/uploads\/2019\/10\/Gruppenraum-Foto-2-1024x768.jpg\" alt=\"\" class=\"wp-image-379\" srcset=\"https:\/\/eichendorffschule-essen.de\/wp-content\/uploads\/2019\/10\/Gruppenraum-Foto-2-1024x768.jpg 1024w, https:\/\/eichendorffschule-essen.de\/wp-content\/uploads\/2019\/10\/Gruppenraum-Foto-2-300x225.jpg 300w, https:\/\/eichendorffschule-essen.de\/wp-content\/uploads\/2019\/10\/Gruppenraum-Foto-2-768x576.jpg 768w\" sizes=\"auto, (max-width: 1024px) 100vw, 1024px\" \/><\/figure>\n\n\n\n<figure class=\"wp-block-image size-large\"><img loading=\"lazy\" decoding=\"async\" width=\"1024\" height=\"768\" data-id=\"377\" src=\"https:\/\/eichendorffschule-essen.de\/wp-content\/uploads\/2019\/10\/Foto-Essraum-1024x768.jpg\" alt=\"\" class=\"wp-image-377\" srcset=\"https:\/\/eichendorffschule-essen.de\/wp-content\/uploads\/2019\/10\/Foto-Essraum-1024x768.jpg 1024w, https:\/\/eichendorffschule-essen.de\/wp-content\/uploads\/2019\/10\/Foto-Essraum-300x225.jpg 300w, https:\/\/eichendorffschule-essen.de\/wp-content\/uploads\/2019\/10\/Foto-Essraum-768x576.jpg 768w\" sizes=\"auto, (max-width: 1024px) 100vw, 1024px\" \/><\/figure>\n\n\n\n<figure class=\"wp-block-image size-large\"><img loading=\"lazy\" decoding=\"async\" width=\"1024\" height=\"768\" data-id=\"378\" src=\"https:\/\/eichendorffschule-essen.de\/wp-content\/uploads\/2019\/10\/Gruppenraum-Foto-1-1024x768.jpg\" alt=\"\" class=\"wp-image-378\" srcset=\"https:\/\/eichendorffschule-essen.de\/wp-content\/uploads\/2019\/10\/Gruppenraum-Foto-1-1024x768.jpg 1024w, https:\/\/eichendorffschule-essen.de\/wp-content\/uploads\/2019\/10\/Gruppenraum-Foto-1-300x225.jpg 300w, https:\/\/eichendorffschule-essen.de\/wp-content\/uploads\/2019\/10\/Gruppenraum-Foto-1-768x576.jpg 768w\" sizes=\"auto, (max-width: 1024px) 100vw, 1024px\" \/><\/figure>\n<\/figure>\n\n\n\n<p>In unserem wohnlich gestalteten Speiseraum essen die Kinder in einer gem\u00fctlichen Atmosph\u00e4re zu Mittag. Der Speiseplan ist auf die Kinder abgestimmt und das Essen wird jeden Tag frisch geliefert. Hierbei ist uns eine ausgewogene und gesunde Ern\u00e4hrung wichtig.<\/p>\n\n\n\n<p>Nach dem Mittagessen erledigen die Kinder die Hausaufgaben &nbsp;in der Hausaufgabenbetreuung. Dort begleiten sie kompetente Kr\u00e4fte (Erzieherinnen, Honorarkr\u00e4fte) bei der selbstst\u00e4ndigen Erledigung der Hausaufgaben. Eltern haben jedoch weiterhin die Aufgabe, ihr Kind schulisch zu begleiten, indem sie&nbsp;Hausaufgaben zu Hause kontrollieren. Anschlie\u00dfend bieten wir&nbsp;den Kindern neben dem Freispiel vielf\u00e4ltige AGs&nbsp;zur Teilnahme an. Hier k\u00f6nnen sie ihre Neigungen und Begabungen vertiefen, Neues kennen lernen und Freude erleben. Dabei unterst\u00fctzen uns zus\u00e4tzliche Honorarkr\u00e4fte. Bei allen Aktivit\u00e4ten und F\u00f6rderungen steht jedoch das zweckfreie Tun, das spa\u00dfmachende, entspannende Spiel im Vordergrund! <\/p>\n\n\n\n<p>Im gemeinsamen Tagesablauf des OGS spiegelt sich der Leitgedanke des gelben Standorts, <strong><em>Werde, was du bist<\/em><\/strong>, wieder.<\/p>\n\n\n\n<p>Jedes Kind kann<\/p>\n\n\n\n<ul class=\"wp-block-list\">\n<li>sich angenommen und wohl f\u00fchlen<\/li>\n\n\n\n<li>seine Individualit\u00e4t, Talente und Begabungen entwickeln<\/li>\n\n\n\n<li>sich als Teil der Gemeinschaft erfahren<\/li>\n<\/ul>\n\n\n\n<p>&nbsp;Diese Schwerpunkte versuchen wir umzusetzen und zu verwirklichen, indem wir<\/p>\n\n\n\n<ul class=\"wp-block-list\">\n<li>Erlebnisse aus dem Unterrichtsgeschehen und der Hausaufgabenbetreuung thematisieren, so dass das Kind in seiner jeweiligen Befindlichkeit und&nbsp;Lebenssituation begleitet wird.<\/li>\n\n\n\n<li>Freir\u00e4ume zulassen und \u201eunverplante\u201c Zeit zur Verf\u00fcgung stellen.<\/li>\n\n\n\n<li>die sozialen Kompetenzen der Kinder f\u00f6rdern,&nbsp;gemeinsam &nbsp;mit ihnen Regeln erarbeiten, Aufgaben f\u00fcr das Gemeinwohl erf\u00fcllen&nbsp; und Hilfen zu Konfliktl\u00f6sungsm\u00f6glichkeiten anbieten<\/li>\n\n\n\n<li>&nbsp;die Freude am Leben vermitteln und positives Denken f\u00f6rdern.<\/li>\n<\/ul>\n\n\n\n<p>Selbstbestimmung und Partizipation der Kinder sind ein wichtiger Bestandteil des Tagesablaufs im offenen Ganztag. Deshalb k\u00f6nnen die Kinder u.a. in regelm\u00e4\u00dfig stattfindenden Kinderkonferenzen ihre Meinungen, W\u00fcnsche und Bed\u00fcrfnisse thematisieren.<\/p>\n\n\n\n<p>All unsere T\u00e4tigkeiten entsprechen insbesondere dem Gedanken der&nbsp;<strong>katholischen Grundschule.&nbsp;<\/strong>Der&nbsp;Glaube im Alltag &nbsp;wird sichtbar in dem wir:<\/p>\n\n\n\n<ul class=\"wp-block-list\">\n<li>&nbsp;den Kindern erm\u00f6glichen, Wertsch\u00e4tzung f\u00fcr sich selbst und Achtung f\u00fcr andere Menschen zu erfahren<\/li>\n\n\n\n<li>&nbsp;Feste und Br\u00e4uche der kath. Kirche intensiv erleben<\/li>\n\n\n\n<li>&nbsp;gemeinsam beten<\/li>\n\n\n\n<li>&nbsp;die Sch\u00f6pfung achten<\/li>\n\n\n\n<li>&nbsp;das Vertrauen in Gott vertiefen.<\/li>\n<\/ul>\n\n\n\n<p>&nbsp;An der Eichendorffschule Sch\u00f6nebeck pflegen Eltern, Lehrerinnen und Erzieherinnen den Dialog und arbeiten zum Wohle des Kindes vertrauensvoll zusammen.<\/p>\n\n\n\n<p><\/p>\n","protected":false},"excerpt":{"rendered":"<p>Die Betreuung findet&nbsp;Montag bis Freitag von 7.00 Uhr bis 16.00 Uhr statt. Der Elternbeitrag bzw. Erm\u00e4\u00dfigung oder Beitragsfreiheit ist durch die Stadt Essen entsprechend einer Satzung geregelt und richtet sich nach dem jeweiligen Einkommen. Eine Information hierzu erhalten Sie im Schulamt der Stadt Essen bzw. an unserer Schule. In den Ferien bietet die Stadt Essen <a class=\"read-more\" href=\"https:\/\/eichendorffschule-essen.de\/?page_id=361\">READ MORE<\/a><\/p>\n","protected":false},"author":1,"featured_media":0,"parent":0,"menu_order":0,"comment_status":"closed","ping_status":"closed","template":"","meta":{"footnotes":""},"class_list":["post-361","page","type-page","status-publish","hentry"],"_links":{"self":[{"href":"https:\/\/eichendorffschule-essen.de\/index.php?rest_route=\/wp\/v2\/pages\/361","targetHints":{"allow":["GET"]}}],"collection":[{"href":"https:\/\/eichendorffschule-essen.de\/index.php?rest_route=\/wp\/v2\/pages"}],"about":[{"href":"https:\/\/eichendorffschule-essen.de\/index.php?rest_route=\/wp\/v2\/types\/page"}],"author":[{"embeddable":true,"href":"https:\/\/eichendorffschule-essen.de\/index.php?rest_route=\/wp\/v2\/users\/1"}],"replies":[{"embeddable":true,"href":"https:\/\/eichendorffschule-essen.de\/index.php?rest_route=%2Fwp%2Fv2%2Fcomments&post=361"}],"version-history":[{"count":44,"href":"https:\/\/eichendorffschule-essen.de\/index.php?rest_route=\/wp\/v2\/pages\/361\/revisions"}],"predecessor-version":[{"id":5144,"href":"https:\/\/eichendorffschule-essen.de\/index.php?rest_route=\/wp\/v2\/pages\/361\/revisions\/5144"}],"wp:attachment":[{"href":"https:\/\/eichendorffschule-essen.de\/index.php?rest_route=%2Fwp%2Fv2%2Fmedia&parent=361"}],"curies":[{"name":"wp","href":"https:\/\/api.w.org\/{rel}","templated":true}]}}