{"id":36,"date":"2019-09-23T15:38:40","date_gmt":"2019-09-23T15:38:40","guid":{"rendered":"http:\/\/eichendorffschule-essen.de\/?page_id=36"},"modified":"2023-03-30T17:29:05","modified_gmt":"2023-03-30T17:29:05","slug":"standort-rote-schule","status":"publish","type":"page","link":"https:\/\/eichendorffschule-essen.de\/?page_id=36","title":{"rendered":"Roter Standort"},"content":{"rendered":"\n<p><br>Am Gemeinschaftsschulstandort der <strong>Eichendorffschule<\/strong> <strong>Sch\u00f6nebeck<\/strong> bieten wir f\u00fcr unsere Schulkinder in drei verschiedenen Gruppen Betreuung an.<\/p>\n\n\n<div class=\"wp-block-image\">\n<figure class=\"alignright is-resized\"><img loading=\"lazy\" decoding=\"async\" src=\"https:\/\/eichendorffschule-essen.de\/wp-content\/uploads\/2019\/12\/IMG_9579-1-1024x768.jpg\" alt=\"\" class=\"wp-image-853\" width=\"255\" height=\"191\" srcset=\"https:\/\/eichendorffschule-essen.de\/wp-content\/uploads\/2019\/12\/IMG_9579-1-1024x768.jpg 1024w, https:\/\/eichendorffschule-essen.de\/wp-content\/uploads\/2019\/12\/IMG_9579-1-300x225.jpg 300w, https:\/\/eichendorffschule-essen.de\/wp-content\/uploads\/2019\/12\/IMG_9579-1-768x576.jpg 768w, https:\/\/eichendorffschule-essen.de\/wp-content\/uploads\/2019\/12\/IMG_9579-1-1536x1152.jpg 1536w, https:\/\/eichendorffschule-essen.de\/wp-content\/uploads\/2019\/12\/IMG_9579-1-2048x1536.jpg 2048w\" sizes=\"auto, (max-width: 255px) 100vw, 255px\" \/><\/figure>\n<\/div>\n\n\n<p><strong><a href=\"https:\/\/eichendorffschule-essen.de\/?page_id=725\">7 bis 9 Betreuung<\/a><\/strong> &#8211; F\u00fcr alle Kinder, deren Eltern berufst\u00e4tig sind<\/p>\n\n\n\n<p><strong><a href=\"https:\/\/eichendorffschule-essen.de\/?page_id=692\">8 bis 14 Betreuung<\/a>&nbsp;<\/strong> &#8211; Stadtgruppe ohne Mittagessen&nbsp;<\/p>\n\n\n\n<p><strong><a href=\"https:\/\/eichendorffschule-essen.de\/?page_id=696\">Offener Ganztag &#8211; OGS<\/a><\/strong> &#8211; Montag bis Freitag bis 16:00 Uhr<\/p>\n\n\n\n<p>Mehrere Erzieherinnen, Lehrer, Honorarkr\u00e4fte und au\u00dferschulische Partner betreuen am roten Standort 85 Kinder bei den Hausaufgaben und bereichern den Vor- und Nachmittag mit\u00a0einem breiten, schwerpunktm\u00e4\u00dfig erlebnisp\u00e4dagogisch ausgerichteten Angebot von Spiel- und Besch\u00e4ftigungsm\u00f6glichkeiten aus dem Bereich Sport, Spiel, Musik, neue Medien, etc.<br><\/p>\n","protected":false},"excerpt":{"rendered":"<p>Am Gemeinschaftsschulstandort der Eichendorffschule Sch\u00f6nebeck bieten wir f\u00fcr unsere Schulkinder in drei verschiedenen Gruppen Betreuung an. 7 bis 9 Betreuung &#8211; F\u00fcr alle Kinder, deren Eltern berufst\u00e4tig sind 8 bis 14 Betreuung&nbsp; &#8211; Stadtgruppe ohne Mittagessen&nbsp; Offener Ganztag &#8211; OGS &#8211; Montag bis Freitag bis 16:00 Uhr Mehrere Erzieherinnen, Lehrer, Honorarkr\u00e4fte und au\u00dferschulische Partner betreuen <a class=\"read-more\" href=\"https:\/\/eichendorffschule-essen.de\/?page_id=36\">READ MORE<\/a><\/p>\n","protected":false},"author":1,"featured_media":0,"parent":0,"menu_order":0,"comment_status":"closed","ping_status":"closed","template":"template-full-width.php","meta":{"footnotes":""},"class_list":["post-36","page","type-page","status-publish","hentry"],"_links":{"self":[{"href":"https:\/\/eichendorffschule-essen.de\/index.php?rest_route=\/wp\/v2\/pages\/36","targetHints":{"allow":["GET"]}}],"collection":[{"href":"https:\/\/eichendorffschule-essen.de\/index.php?rest_route=\/wp\/v2\/pages"}],"about":[{"href":"https:\/\/eichendorffschule-essen.de\/index.php?rest_route=\/wp\/v2\/types\/page"}],"author":[{"embeddable":true,"href":"https:\/\/eichendorffschule-essen.de\/index.php?rest_route=\/wp\/v2\/users\/1"}],"replies":[{"embeddable":true,"href":"https:\/\/eichendorffschule-essen.de\/index.php?rest_route=%2Fwp%2Fv2%2Fcomments&post=36"}],"version-history":[{"count":19,"href":"https:\/\/eichendorffschule-essen.de\/index.php?rest_route=\/wp\/v2\/pages\/36\/revisions"}],"predecessor-version":[{"id":4359,"href":"https:\/\/eichendorffschule-essen.de\/index.php?rest_route=\/wp\/v2\/pages\/36\/revisions\/4359"}],"wp:attachment":[{"href":"https:\/\/eichendorffschule-essen.de\/index.php?rest_route=%2Fwp%2Fv2%2Fmedia&parent=36"}],"curies":[{"name":"wp","href":"https:\/\/api.w.org\/{rel}","templated":true}]}}