{"id":358,"date":"2019-10-31T09:59:28","date_gmt":"2019-10-31T09:59:28","guid":{"rendered":"http:\/\/eichendorffschule-essen.de\/?page_id=358"},"modified":"2019-10-31T09:59:28","modified_gmt":"2019-10-31T09:59:28","slug":"basale-kompetenzen","status":"publish","type":"page","link":"https:\/\/eichendorffschule-essen.de\/?page_id=358","title":{"rendered":"Basale Kompetenzen"},"content":{"rendered":"\n<p>Die basalen F\u00e4higkeiten beschreiben Voraussetzungen, die ein Kind f\u00fcr ein ungest\u00f6rtes schulisches Lernen zu Beginn seiner Schullaufbahn mitbringen sollte.<\/p>\n\n\n\n<p>Hierunter fallen somit Kompetenzen wie<\/p>\n\n\n\n<ul class=\"wp-block-list\"><li>Grob- bzw. Feinmotorik&nbsp; (Schere-, Stifthaltung),<\/li><li>Konzentration,<\/li><li>Ausdauer,<\/li><li>Sprachentwicklung,<\/li><li>logisches Denken, Wahrnehmung, Ged\u00e4chtnisleistungen.<\/li><\/ul>\n\n\n\n<p>Folglich hat die Auspr\u00e4gung dieser basalen F\u00e4higkeiten Auswirkung auf das Erlernen des Lesens, das Erlernen des Schreibens sowie die Aneignung mathematischer F\u00e4higkeiten. Nach einer anf\u00e4nglichen Beobachtung w\u00e4hrend den ersten Schulwochen&nbsp;wird der Stand der jeweiligen basalen Kompetenzen erfasst und ggf. eine Notwendigkeit der F\u00f6rderung festgestellt. Danach haben die Sch\u00fclerinnen und Sch\u00fcler einmal pro Woche eine gezielte individuelle F\u00f6rderstunde in Kleingruppen.<\/p>\n","protected":false},"excerpt":{"rendered":"<p>Die basalen F\u00e4higkeiten beschreiben Voraussetzungen, die ein Kind f\u00fcr ein ungest\u00f6rtes schulisches Lernen zu Beginn seiner Schullaufbahn mitbringen sollte. Hierunter fallen somit Kompetenzen wie Grob- bzw. Feinmotorik&nbsp; (Schere-, Stifthaltung), Konzentration, Ausdauer, Sprachentwicklung, logisches Denken, Wahrnehmung, Ged\u00e4chtnisleistungen. Folglich hat die Auspr\u00e4gung dieser basalen F\u00e4higkeiten Auswirkung auf das Erlernen des Lesens, das Erlernen des Schreibens sowie die <a class=\"read-more\" href=\"https:\/\/eichendorffschule-essen.de\/?page_id=358\">READ MORE<\/a><\/p>\n","protected":false},"author":1,"featured_media":0,"parent":0,"menu_order":0,"comment_status":"closed","ping_status":"closed","template":"","meta":{"footnotes":""},"class_list":["post-358","page","type-page","status-publish","hentry"],"_links":{"self":[{"href":"https:\/\/eichendorffschule-essen.de\/index.php?rest_route=\/wp\/v2\/pages\/358","targetHints":{"allow":["GET"]}}],"collection":[{"href":"https:\/\/eichendorffschule-essen.de\/index.php?rest_route=\/wp\/v2\/pages"}],"about":[{"href":"https:\/\/eichendorffschule-essen.de\/index.php?rest_route=\/wp\/v2\/types\/page"}],"author":[{"embeddable":true,"href":"https:\/\/eichendorffschule-essen.de\/index.php?rest_route=\/wp\/v2\/users\/1"}],"replies":[{"embeddable":true,"href":"https:\/\/eichendorffschule-essen.de\/index.php?rest_route=%2Fwp%2Fv2%2Fcomments&post=358"}],"version-history":[{"count":1,"href":"https:\/\/eichendorffschule-essen.de\/index.php?rest_route=\/wp\/v2\/pages\/358\/revisions"}],"predecessor-version":[{"id":359,"href":"https:\/\/eichendorffschule-essen.de\/index.php?rest_route=\/wp\/v2\/pages\/358\/revisions\/359"}],"wp:attachment":[{"href":"https:\/\/eichendorffschule-essen.de\/index.php?rest_route=%2Fwp%2Fv2%2Fmedia&parent=358"}],"curies":[{"name":"wp","href":"https:\/\/api.w.org\/{rel}","templated":true}]}}