{"id":352,"date":"2019-10-31T09:58:37","date_gmt":"2019-10-31T09:58:37","guid":{"rendered":"http:\/\/eichendorffschule-essen.de\/?page_id=352"},"modified":"2021-02-10T09:34:25","modified_gmt":"2021-02-10T09:34:25","slug":"deutsch-als-zweitsprache","status":"publish","type":"page","link":"https:\/\/eichendorffschule-essen.de\/?page_id=352","title":{"rendered":"Deutsch als Zweitsprache"},"content":{"rendered":"\n<p>Seit einiger Zeit besuchen Fl\u00fcchtlingskinder aus unterschiedlichen Herkunftsl\u00e4ndern den Gemeinschaftsschulteilstandort unserer Schule. Um diesen Kindern das \u201eAnkommen\u201c und die Integration im Schulalltag zu erm\u00f6glichen, ist es wichtig, Sprachbarrieren abzubauen und \u201eKulturwissen\u201c zu vermitteln. Um dies zu gew\u00e4hrleisten hat sich ein Team gefunden, das parallel zum Unterricht \u201e<strong>D<\/strong>eutsch&nbsp;<strong>a<\/strong>ls&nbsp;<strong>Z<\/strong>weitsprache\u201c in kleinen Gruppen oder ggf. auch als Einzelf\u00f6rderung unterrichtet.&nbsp;<\/p>\n\n\n\n<p>Zurzeit werden am Standort der \u201eRoten Schule\u201c etwa 20 Kinder aus den Klassen 1-4 gef\u00f6rdert. Mit viel Freude und gro\u00dfem Eifer entdecken die Kinder im Gespr\u00e4ch, im Spiel und nach und nach in Schrift und Text Sprache und Kultur ihres Gastlandes.<\/p>\n\n\n\n<p>F\u00fcr dieses Engagement wurde die Eichendorffschule Sch\u00f6nebeck 2016 mit dem Deichmann-F\u00f6rderpreis f\u00fcr Integration ausgezeichnet.<\/p>\n\n\n\n<p>Von September 2019 bis Dezember 2019 haben wir mit dem&nbsp;<strong>Sprachpaten-Projekt<\/strong> gearbeitet, an welchem Kinder beider Standorte mitgewirkt haben. In diesem Projekt lernen Kinder von Kindern, denn ein sprachlich st\u00e4rkeres Kind arbeitet mit einem Kind zusammen, welches noch Schwierigkeiten mit der deutschen Sprache hat. Aktuell pausiert dieses Projekt leider!<\/p>\n","protected":false},"excerpt":{"rendered":"<p>Seit einiger Zeit besuchen Fl\u00fcchtlingskinder aus unterschiedlichen Herkunftsl\u00e4ndern den Gemeinschaftsschulteilstandort unserer Schule. Um diesen Kindern das \u201eAnkommen\u201c und die Integration im Schulalltag zu erm\u00f6glichen, ist es wichtig, Sprachbarrieren abzubauen und \u201eKulturwissen\u201c zu vermitteln. Um dies zu gew\u00e4hrleisten hat sich ein Team gefunden, das parallel zum Unterricht \u201eDeutsch&nbsp;als&nbsp;Zweitsprache\u201c in kleinen Gruppen oder ggf. auch als Einzelf\u00f6rderung <a class=\"read-more\" href=\"https:\/\/eichendorffschule-essen.de\/?page_id=352\">READ MORE<\/a><\/p>\n","protected":false},"author":1,"featured_media":0,"parent":0,"menu_order":0,"comment_status":"closed","ping_status":"closed","template":"","meta":{"iawp_total_views":0,"footnotes":""},"class_list":["post-352","page","type-page","status-publish","hentry"],"_links":{"self":[{"href":"https:\/\/eichendorffschule-essen.de\/index.php?rest_route=\/wp\/v2\/pages\/352","targetHints":{"allow":["GET"]}}],"collection":[{"href":"https:\/\/eichendorffschule-essen.de\/index.php?rest_route=\/wp\/v2\/pages"}],"about":[{"href":"https:\/\/eichendorffschule-essen.de\/index.php?rest_route=\/wp\/v2\/types\/page"}],"author":[{"embeddable":true,"href":"https:\/\/eichendorffschule-essen.de\/index.php?rest_route=\/wp\/v2\/users\/1"}],"replies":[{"embeddable":true,"href":"https:\/\/eichendorffschule-essen.de\/index.php?rest_route=%2Fwp%2Fv2%2Fcomments&post=352"}],"version-history":[{"count":6,"href":"https:\/\/eichendorffschule-essen.de\/index.php?rest_route=\/wp\/v2\/pages\/352\/revisions"}],"predecessor-version":[{"id":2736,"href":"https:\/\/eichendorffschule-essen.de\/index.php?rest_route=\/wp\/v2\/pages\/352\/revisions\/2736"}],"wp:attachment":[{"href":"https:\/\/eichendorffschule-essen.de\/index.php?rest_route=%2Fwp%2Fv2%2Fmedia&parent=352"}],"curies":[{"name":"wp","href":"https:\/\/api.w.org\/{rel}","templated":true}]}}