{"id":348,"date":"2019-10-31T09:53:04","date_gmt":"2019-10-31T09:53:04","guid":{"rendered":"http:\/\/eichendorffschule-essen.de\/?page_id=348"},"modified":"2021-02-10T09:33:56","modified_gmt":"2021-02-10T09:33:56","slug":"floeten-ag","status":"publish","type":"page","link":"https:\/\/eichendorffschule-essen.de\/?page_id=348","title":{"rendered":"Fl\u00f6ten-AG"},"content":{"rendered":"\n<p>Der katholische Standort der Eichendorffschule Sch\u00f6nebeck bietet den musikbegeisterten Kindern der 2.- 4. Klassen jeweils eine Stunde pro Woche eine Fl\u00f6ten-AG an, in der sie elementares C-Blockfl\u00f6ten-Spiel und Notenkenntnisse erlernen und erste Erfahrungen im Ensemblespiel machen k\u00f6nnen. Regelm\u00e4\u00dfiges \u00dcben ist dabei unbedingt erforderlich. Bei Schulfesten, Schulgottesdiensten und vielen anderen Anl\u00e4ssen kommen die verschiedenen Gruppen zum Einsatz.<\/p>\n","protected":false},"excerpt":{"rendered":"<p>Der katholische Standort der Eichendorffschule Sch\u00f6nebeck bietet den musikbegeisterten Kindern der 2.- 4. Klassen jeweils eine Stunde pro Woche eine Fl\u00f6ten-AG an, in der sie elementares C-Blockfl\u00f6ten-Spiel und Notenkenntnisse erlernen und erste Erfahrungen im Ensemblespiel machen k\u00f6nnen. Regelm\u00e4\u00dfiges \u00dcben ist dabei unbedingt erforderlich. Bei Schulfesten, Schulgottesdiensten und vielen anderen Anl\u00e4ssen kommen die verschiedenen Gruppen zum <a class=\"read-more\" href=\"https:\/\/eichendorffschule-essen.de\/?page_id=348\">READ MORE<\/a><\/p>\n","protected":false},"author":1,"featured_media":0,"parent":0,"menu_order":0,"comment_status":"closed","ping_status":"closed","template":"","meta":{"footnotes":""},"class_list":["post-348","page","type-page","status-publish","hentry"],"_links":{"self":[{"href":"https:\/\/eichendorffschule-essen.de\/index.php?rest_route=\/wp\/v2\/pages\/348","targetHints":{"allow":["GET"]}}],"collection":[{"href":"https:\/\/eichendorffschule-essen.de\/index.php?rest_route=\/wp\/v2\/pages"}],"about":[{"href":"https:\/\/eichendorffschule-essen.de\/index.php?rest_route=\/wp\/v2\/types\/page"}],"author":[{"embeddable":true,"href":"https:\/\/eichendorffschule-essen.de\/index.php?rest_route=\/wp\/v2\/users\/1"}],"replies":[{"embeddable":true,"href":"https:\/\/eichendorffschule-essen.de\/index.php?rest_route=%2Fwp%2Fv2%2Fcomments&post=348"}],"version-history":[{"count":2,"href":"https:\/\/eichendorffschule-essen.de\/index.php?rest_route=\/wp\/v2\/pages\/348\/revisions"}],"predecessor-version":[{"id":2735,"href":"https:\/\/eichendorffschule-essen.de\/index.php?rest_route=\/wp\/v2\/pages\/348\/revisions\/2735"}],"wp:attachment":[{"href":"https:\/\/eichendorffschule-essen.de\/index.php?rest_route=%2Fwp%2Fv2%2Fmedia&parent=348"}],"curies":[{"name":"wp","href":"https:\/\/api.w.org\/{rel}","templated":true}]}}