{"id":3458,"date":"2021-11-30T14:09:02","date_gmt":"2021-11-30T14:09:02","guid":{"rendered":"https:\/\/eichendorffschule-essen.de\/?page_id=3458"},"modified":"2021-11-30T14:10:20","modified_gmt":"2021-11-30T14:10:20","slug":"videoeinblicke-in-unsere-schulstandorte","status":"publish","type":"page","link":"https:\/\/eichendorffschule-essen.de\/?page_id=3458","title":{"rendered":"Videoeinblicke in unsere Schulstandorte"},"content":{"rendered":"\n<p>Liebe zuk\u00fcnftige Erstkl\u00e4ssler,<\/p>\n\n\n\n<p>herzlich Willkommen an der Eichendorffschule Sch\u00f6nebeck. Wir sind eine ganze besondere Schule, denn wir haben zwei Standorte, die nur wenige Meter voneinander entfernt an der Hei\u00dfener Stra\u00dfe liegen. <\/p>\n\n\n\n<p>Hier seht ihr die Videos, die die ehemaligen Viertkl\u00e4ssler der Klassen 4b (Standort Eichendorffschule), 4c und 4d (Standort Rote Schule) f\u00fcr die aktuellen Erstkl\u00e4ssler gedreht haben.<\/p>\n\n\n\n<p>Viel Freunde beim Anschauen \ud83d\ude42<\/p>\n\n\n\n<p>\u00a0<\/p>\n<p>\u00a0<\/p>\n\n\n\n<div class=\"wp-block-columns is-layout-flex wp-container-core-columns-is-layout-9d6595d7 wp-block-columns-is-layout-flex\">\n<div class=\"wp-block-column is-layout-flow wp-block-column-is-layout-flow\">\n<figure class=\"wp-block-video\"><video height=\"480\" style=\"aspect-ratio: 640 \/ 480;\" width=\"640\" controls src=\"https:\/\/eichendorffschule-essen.de\/wp-content\/uploads\/2021\/06\/VIDEO-2021-06-28-15-25-55.mp4\"><\/video><\/figure>\n<\/div>\n\n\n\n<div class=\"wp-block-column is-layout-flow wp-block-column-is-layout-flow\">\n<figure class=\"wp-block-video\"><video height=\"660\" style=\"aspect-ratio: 880 \/ 660;\" width=\"880\" controls src=\"https:\/\/eichendorffschule-essen.de\/wp-content\/uploads\/2021\/08\/Einblick_in_die_Eichendorffschule.mov\"><\/video><\/figure>\n<\/div>\n<\/div>\n","protected":false},"excerpt":{"rendered":"<p>Liebe zuk\u00fcnftige Erstkl\u00e4ssler, herzlich Willkommen an der Eichendorffschule Sch\u00f6nebeck. Wir sind eine ganze besondere Schule, denn wir haben zwei Standorte, die nur wenige Meter voneinander entfernt an der Hei\u00dfener Stra\u00dfe liegen. Hier seht ihr die Videos, die die ehemaligen Viertkl\u00e4ssler der Klassen 4b (Standort Eichendorffschule), 4c und 4d (Standort Rote Schule) f\u00fcr die aktuellen Erstkl\u00e4ssler <a class=\"read-more\" href=\"https:\/\/eichendorffschule-essen.de\/?page_id=3458\">READ MORE<\/a><\/p>\n","protected":false},"author":1,"featured_media":0,"parent":0,"menu_order":0,"comment_status":"closed","ping_status":"closed","template":"","meta":{"footnotes":""},"class_list":["post-3458","page","type-page","status-publish","hentry"],"_links":{"self":[{"href":"https:\/\/eichendorffschule-essen.de\/index.php?rest_route=\/wp\/v2\/pages\/3458","targetHints":{"allow":["GET"]}}],"collection":[{"href":"https:\/\/eichendorffschule-essen.de\/index.php?rest_route=\/wp\/v2\/pages"}],"about":[{"href":"https:\/\/eichendorffschule-essen.de\/index.php?rest_route=\/wp\/v2\/types\/page"}],"author":[{"embeddable":true,"href":"https:\/\/eichendorffschule-essen.de\/index.php?rest_route=\/wp\/v2\/users\/1"}],"replies":[{"embeddable":true,"href":"https:\/\/eichendorffschule-essen.de\/index.php?rest_route=%2Fwp%2Fv2%2Fcomments&post=3458"}],"version-history":[{"count":2,"href":"https:\/\/eichendorffschule-essen.de\/index.php?rest_route=\/wp\/v2\/pages\/3458\/revisions"}],"predecessor-version":[{"id":3461,"href":"https:\/\/eichendorffschule-essen.de\/index.php?rest_route=\/wp\/v2\/pages\/3458\/revisions\/3461"}],"wp:attachment":[{"href":"https:\/\/eichendorffschule-essen.de\/index.php?rest_route=%2Fwp%2Fv2%2Fmedia&parent=3458"}],"curies":[{"name":"wp","href":"https:\/\/api.w.org\/{rel}","templated":true}]}}