{"id":344,"date":"2019-10-31T09:51:56","date_gmt":"2019-10-31T09:51:56","guid":{"rendered":"http:\/\/eichendorffschule-essen.de\/?page_id=344"},"modified":"2021-02-10T09:33:11","modified_gmt":"2021-02-10T09:33:11","slug":"schulchor","status":"publish","type":"page","link":"https:\/\/eichendorffschule-essen.de\/?page_id=344","title":{"rendered":"Schulchor"},"content":{"rendered":"\n<p>In der Chor-AG freuen wir uns auf Sch\u00fcler der dritten und vierten Klassen beider Schulstandorte, die sich f\u00fcr das gemeinsame Singen begeistern. Neben dem gesunden Umgang mit K\u00f6rper, Atem und Stimme steht der Aufbau eines gemischten Liedrepertoires auf dem Programm.<\/p>\n\n\n\n<p>Dieses Repertoire besteht aus Liedern in deutscher und englischer Sprache, ruhigen und beschwingten Liedern und auch aktuellen Songs aus dem Rock-\/ Pop-Bereich. Auch eigene W\u00fcnsche der Sch\u00fcler aus der Chor-AG werden ber\u00fccksichtigt.<\/p>\n\n\n\n<p>Mit regelm\u00e4\u00dfig stattfindenden Auftritten versucht die Chor-AG sich in das Schulleben der Eichendorffschule Sch\u00f6nebeck einzubringen.<\/p>\n\n\n\n<p><\/p>\n","protected":false},"excerpt":{"rendered":"<p>In der Chor-AG freuen wir uns auf Sch\u00fcler der dritten und vierten Klassen beider Schulstandorte, die sich f\u00fcr das gemeinsame Singen begeistern. Neben dem gesunden Umgang mit K\u00f6rper, Atem und Stimme steht der Aufbau eines gemischten Liedrepertoires auf dem Programm. Dieses Repertoire besteht aus Liedern in deutscher und englischer Sprache, ruhigen und beschwingten Liedern und <a class=\"read-more\" href=\"https:\/\/eichendorffschule-essen.de\/?page_id=344\">READ MORE<\/a><\/p>\n","protected":false},"author":1,"featured_media":0,"parent":0,"menu_order":0,"comment_status":"closed","ping_status":"closed","template":"","meta":{"iawp_total_views":1,"footnotes":""},"class_list":["post-344","page","type-page","status-publish","hentry"],"_links":{"self":[{"href":"https:\/\/eichendorffschule-essen.de\/index.php?rest_route=\/wp\/v2\/pages\/344","targetHints":{"allow":["GET"]}}],"collection":[{"href":"https:\/\/eichendorffschule-essen.de\/index.php?rest_route=\/wp\/v2\/pages"}],"about":[{"href":"https:\/\/eichendorffschule-essen.de\/index.php?rest_route=\/wp\/v2\/types\/page"}],"author":[{"embeddable":true,"href":"https:\/\/eichendorffschule-essen.de\/index.php?rest_route=\/wp\/v2\/users\/1"}],"replies":[{"embeddable":true,"href":"https:\/\/eichendorffschule-essen.de\/index.php?rest_route=%2Fwp%2Fv2%2Fcomments&post=344"}],"version-history":[{"count":2,"href":"https:\/\/eichendorffschule-essen.de\/index.php?rest_route=\/wp\/v2\/pages\/344\/revisions"}],"predecessor-version":[{"id":2734,"href":"https:\/\/eichendorffschule-essen.de\/index.php?rest_route=\/wp\/v2\/pages\/344\/revisions\/2734"}],"wp:attachment":[{"href":"https:\/\/eichendorffschule-essen.de\/index.php?rest_route=%2Fwp%2Fv2%2Fmedia&parent=344"}],"curies":[{"name":"wp","href":"https:\/\/api.w.org\/{rel}","templated":true}]}}