{"id":340,"date":"2019-10-31T09:48:28","date_gmt":"2019-10-31T09:48:28","guid":{"rendered":"http:\/\/eichendorffschule-essen.de\/?page_id=340"},"modified":"2019-10-31T09:48:28","modified_gmt":"2019-10-31T09:48:28","slug":"mathe-fuer-kleine-asse","status":"publish","type":"page","link":"https:\/\/eichendorffschule-essen.de\/?page_id=340","title":{"rendered":"Mathe f\u00fcr kleine Asse"},"content":{"rendered":"\n<p>Strategiespiele, Labyrinthe, verschl\u00fcsselte Botschaften, figurierte Zahlen, Kryptogramme, Geburtstagsberechnungen, Zauberquadrate, Rangierprobleme, OTTO und MIMI- Zahlen, W\u00fcrfelt\u00fcrme, oder Knobelaufgaben ber\u00fchmter Mathematiker &#8211; das sind nur einige Beispiele f\u00fcr die Aufgaben, mit denen wir uns in der AG \u201eMathe f\u00fcr kleine Asse\u201c besch\u00e4ftigen.<\/p>\n\n\n\n<p>Mathematisch interessierte und begabte Kinder k\u00f6nnen hier erleben, wie faszinierend Mathematik sein kann, indem sie L\u00f6sungsans\u00e4tze und originelle L\u00f6sungswege suchen und ihre L\u00f6sungen pr\u00e4sentieren. Dazu geh\u00f6ren nicht nur Analysieren und Strukturieren von Aufgaben, sondern auch hartn\u00e4ckiges Ausprobieren und leidiges Radieren. Aber am Ende stehen oft \u201eAha- Erlebnisse\u201c: die Freude, schwierige Aufgaben durchschaut und tolle L\u00f6sungswege entdeckt zu haben.<\/p>\n","protected":false},"excerpt":{"rendered":"<p>Strategiespiele, Labyrinthe, verschl\u00fcsselte Botschaften, figurierte Zahlen, Kryptogramme, Geburtstagsberechnungen, Zauberquadrate, Rangierprobleme, OTTO und MIMI- Zahlen, W\u00fcrfelt\u00fcrme, oder Knobelaufgaben ber\u00fchmter Mathematiker &#8211; das sind nur einige Beispiele f\u00fcr die Aufgaben, mit denen wir uns in der AG \u201eMathe f\u00fcr kleine Asse\u201c besch\u00e4ftigen. Mathematisch interessierte und begabte Kinder k\u00f6nnen hier erleben, wie faszinierend Mathematik sein kann, indem sie <a class=\"read-more\" href=\"https:\/\/eichendorffschule-essen.de\/?page_id=340\">READ MORE<\/a><\/p>\n","protected":false},"author":1,"featured_media":0,"parent":0,"menu_order":0,"comment_status":"closed","ping_status":"closed","template":"","meta":{"footnotes":""},"class_list":["post-340","page","type-page","status-publish","hentry"],"_links":{"self":[{"href":"https:\/\/eichendorffschule-essen.de\/index.php?rest_route=\/wp\/v2\/pages\/340","targetHints":{"allow":["GET"]}}],"collection":[{"href":"https:\/\/eichendorffschule-essen.de\/index.php?rest_route=\/wp\/v2\/pages"}],"about":[{"href":"https:\/\/eichendorffschule-essen.de\/index.php?rest_route=\/wp\/v2\/types\/page"}],"author":[{"embeddable":true,"href":"https:\/\/eichendorffschule-essen.de\/index.php?rest_route=\/wp\/v2\/users\/1"}],"replies":[{"embeddable":true,"href":"https:\/\/eichendorffschule-essen.de\/index.php?rest_route=%2Fwp%2Fv2%2Fcomments&post=340"}],"version-history":[{"count":2,"href":"https:\/\/eichendorffschule-essen.de\/index.php?rest_route=\/wp\/v2\/pages\/340\/revisions"}],"predecessor-version":[{"id":342,"href":"https:\/\/eichendorffschule-essen.de\/index.php?rest_route=\/wp\/v2\/pages\/340\/revisions\/342"}],"wp:attachment":[{"href":"https:\/\/eichendorffschule-essen.de\/index.php?rest_route=%2Fwp%2Fv2%2Fmedia&parent=340"}],"curies":[{"name":"wp","href":"https:\/\/api.w.org\/{rel}","templated":true}]}}