{"id":282,"date":"2019-10-03T12:03:03","date_gmt":"2019-10-03T12:03:03","guid":{"rendered":"http:\/\/eichendorffschule-essen.de\/?page_id=282"},"modified":"2024-04-11T13:01:23","modified_gmt":"2024-04-11T13:01:23","slug":"hausmeister","status":"publish","type":"page","link":"https:\/\/eichendorffschule-essen.de\/?page_id=282","title":{"rendered":"Hausmeister"},"content":{"rendered":"\n<div class=\"wp-block-columns is-layout-flex wp-container-core-columns-is-layout-9d6595d7 wp-block-columns-is-layout-flex\">\n<div class=\"wp-block-column is-layout-flow wp-block-column-is-layout-flow\"><div class=\"wp-block-image\">\n<figure class=\"alignleft size-large\"><img loading=\"lazy\" decoding=\"async\" width=\"853\" height=\"1024\" src=\"https:\/\/eichendorffschule-essen.de\/wp-content\/uploads\/2019\/12\/17-853x1024.jpg\" alt=\"\" class=\"wp-image-991\" srcset=\"https:\/\/eichendorffschule-essen.de\/wp-content\/uploads\/2019\/12\/17-853x1024.jpg 853w, https:\/\/eichendorffschule-essen.de\/wp-content\/uploads\/2019\/12\/17-250x300.jpg 250w, https:\/\/eichendorffschule-essen.de\/wp-content\/uploads\/2019\/12\/17-768x921.jpg 768w, https:\/\/eichendorffschule-essen.de\/wp-content\/uploads\/2019\/12\/17.jpg 886w\" sizes=\"auto, (max-width: 853px) 100vw, 853px\" \/><\/figure>\n<\/div>\n\n\n<h2 class=\"wp-block-heading\">M. K\u00f6sling<\/h2>\n\n\n\n<p>Hausmeister der beiden Schulstandorte<\/p>\n<\/div>\n\n\n\n<div class=\"wp-block-column is-layout-flow wp-block-column-is-layout-flow\">\n<p style=\"font-size:18px\">Unser Hausmeister Herr K\u00f6sling k\u00fcmmert sich um alle T\u00e4tigkeiten in den Schulgeb\u00e4uden und auf den Schulh\u00f6fen. Er hat immer ein offenes Ohr, hilft gerne und hat einen gro\u00dfen Vorrat an Pflastern.<\/p>\n\n\n\n<p><\/p>\n\n\n\n<p><\/p>\n<\/div>\n\n\n\n<div class=\"wp-block-column is-layout-flow wp-block-column-is-layout-flow\"><\/div>\n<\/div>\n","protected":false},"excerpt":{"rendered":"<p>M. K\u00f6sling Hausmeister der beiden Schulstandorte Unser Hausmeister Herr K\u00f6sling k\u00fcmmert sich um alle T\u00e4tigkeiten in den Schulgeb\u00e4uden und auf den Schulh\u00f6fen. Er hat immer ein offenes Ohr, hilft gerne und hat einen gro\u00dfen Vorrat an Pflastern.<\/p>\n","protected":false},"author":1,"featured_media":0,"parent":0,"menu_order":0,"comment_status":"closed","ping_status":"closed","template":"","meta":{"footnotes":""},"class_list":["post-282","page","type-page","status-publish","hentry"],"_links":{"self":[{"href":"https:\/\/eichendorffschule-essen.de\/index.php?rest_route=\/wp\/v2\/pages\/282","targetHints":{"allow":["GET"]}}],"collection":[{"href":"https:\/\/eichendorffschule-essen.de\/index.php?rest_route=\/wp\/v2\/pages"}],"about":[{"href":"https:\/\/eichendorffschule-essen.de\/index.php?rest_route=\/wp\/v2\/types\/page"}],"author":[{"embeddable":true,"href":"https:\/\/eichendorffschule-essen.de\/index.php?rest_route=\/wp\/v2\/users\/1"}],"replies":[{"embeddable":true,"href":"https:\/\/eichendorffschule-essen.de\/index.php?rest_route=%2Fwp%2Fv2%2Fcomments&post=282"}],"version-history":[{"count":6,"href":"https:\/\/eichendorffschule-essen.de\/index.php?rest_route=\/wp\/v2\/pages\/282\/revisions"}],"predecessor-version":[{"id":4896,"href":"https:\/\/eichendorffschule-essen.de\/index.php?rest_route=\/wp\/v2\/pages\/282\/revisions\/4896"}],"wp:attachment":[{"href":"https:\/\/eichendorffschule-essen.de\/index.php?rest_route=%2Fwp%2Fv2%2Fmedia&parent=282"}],"curies":[{"name":"wp","href":"https:\/\/api.w.org\/{rel}","templated":true}]}}