{"id":279,"date":"2019-10-03T12:02:50","date_gmt":"2019-10-03T12:02:50","guid":{"rendered":"http:\/\/eichendorffschule-essen.de\/?page_id=279"},"modified":"2023-01-08T11:27:10","modified_gmt":"2023-01-08T11:27:10","slug":"sekretariat","status":"publish","type":"page","link":"https:\/\/eichendorffschule-essen.de\/?page_id=279","title":{"rendered":"Sekretariat"},"content":{"rendered":"\n<div class=\"wp-block-columns is-layout-flex wp-container-core-columns-is-layout-9d6595d7 wp-block-columns-is-layout-flex\">\n<div class=\"wp-block-column is-layout-flow wp-block-column-is-layout-flow\"><div class=\"wp-block-image\">\n<figure class=\"alignleft size-large\"><img loading=\"lazy\" decoding=\"async\" width=\"853\" height=\"1024\" src=\"https:\/\/eichendorffschule-essen.de\/wp-content\/uploads\/2023\/01\/Wubbeling-853x1024.jpg\" alt=\"\" class=\"wp-image-4188\" srcset=\"https:\/\/eichendorffschule-essen.de\/wp-content\/uploads\/2023\/01\/Wubbeling-853x1024.jpg 853w, https:\/\/eichendorffschule-essen.de\/wp-content\/uploads\/2023\/01\/Wubbeling-250x300.jpg 250w, https:\/\/eichendorffschule-essen.de\/wp-content\/uploads\/2023\/01\/Wubbeling-768x921.jpg 768w, https:\/\/eichendorffschule-essen.de\/wp-content\/uploads\/2023\/01\/Wubbeling.jpg 886w\" sizes=\"auto, (max-width: 853px) 100vw, 853px\" \/><\/figure>\n<\/div>\n\n\n<h2 class=\"wp-block-heading\">B. Wubbeling<\/h2>\n\n\n\n<p>Sekret\u00e4rin der beiden Schulstandorte<\/p>\n<\/div>\n\n\n\n<div class=\"wp-block-column is-layout-flow wp-block-column-is-layout-flow\">\n<p style=\"font-size:18px\"><strong>Das Sekretariat der Eichendorffschule  Sch\u00f6nebeck hat zu folgenden Zeiten ge\u00f6ffnet:<\/strong><\/p>\n\n\n\n<p><\/p>\n\n\n\n<p>Montag: 8.00 &#8211; 15.30 Uhr<\/p>\n\n\n\n<p>Dienstag: 8.00 &#8211; 15.30 Uhr<\/p>\n\n\n\n<p>Mittwoch: 8.00 &#8211; 13.00 Uhr<\/p>\n\n\n\n<p><\/p>\n<\/div>\n\n\n\n<div class=\"wp-block-column is-layout-flow wp-block-column-is-layout-flow\"><\/div>\n<\/div>\n\n\n\n<p><\/p>\n","protected":false},"excerpt":{"rendered":"<p>B. Wubbeling Sekret\u00e4rin der beiden Schulstandorte Das Sekretariat der Eichendorffschule Sch\u00f6nebeck hat zu folgenden Zeiten ge\u00f6ffnet: Montag: 8.00 &#8211; 15.30 Uhr Dienstag: 8.00 &#8211; 15.30 Uhr Mittwoch: 8.00 &#8211; 13.00 Uhr<\/p>\n","protected":false},"author":1,"featured_media":0,"parent":0,"menu_order":0,"comment_status":"closed","ping_status":"closed","template":"","meta":{"footnotes":""},"class_list":["post-279","page","type-page","status-publish","hentry"],"_links":{"self":[{"href":"https:\/\/eichendorffschule-essen.de\/index.php?rest_route=\/wp\/v2\/pages\/279","targetHints":{"allow":["GET"]}}],"collection":[{"href":"https:\/\/eichendorffschule-essen.de\/index.php?rest_route=\/wp\/v2\/pages"}],"about":[{"href":"https:\/\/eichendorffschule-essen.de\/index.php?rest_route=\/wp\/v2\/types\/page"}],"author":[{"embeddable":true,"href":"https:\/\/eichendorffschule-essen.de\/index.php?rest_route=\/wp\/v2\/users\/1"}],"replies":[{"embeddable":true,"href":"https:\/\/eichendorffschule-essen.de\/index.php?rest_route=%2Fwp%2Fv2%2Fcomments&post=279"}],"version-history":[{"count":15,"href":"https:\/\/eichendorffschule-essen.de\/index.php?rest_route=\/wp\/v2\/pages\/279\/revisions"}],"predecessor-version":[{"id":4189,"href":"https:\/\/eichendorffschule-essen.de\/index.php?rest_route=\/wp\/v2\/pages\/279\/revisions\/4189"}],"wp:attachment":[{"href":"https:\/\/eichendorffschule-essen.de\/index.php?rest_route=%2Fwp%2Fv2%2Fmedia&parent=279"}],"curies":[{"name":"wp","href":"https:\/\/api.w.org\/{rel}","templated":true}]}}