{"id":276,"date":"2019-10-03T12:02:22","date_gmt":"2019-10-03T12:02:22","guid":{"rendered":"http:\/\/eichendorffschule-essen.de\/?page_id=276"},"modified":"2026-02-03T16:49:31","modified_gmt":"2026-02-03T16:49:31","slug":"kollegium","status":"publish","type":"page","link":"https:\/\/eichendorffschule-essen.de\/?page_id=276","title":{"rendered":"Kollegium"},"content":{"rendered":"\n<div class=\"wp-block-columns has-2-columns is-layout-flex wp-container-core-columns-is-layout-9d6595d7 wp-block-columns-is-layout-flex\">\n<div class=\"wp-block-column is-layout-flow wp-block-column-is-layout-flow\"><\/div>\n\n\n\n<div class=\"wp-block-column is-layout-flow wp-block-column-is-layout-flow\"><\/div>\n<\/div>\n\n\n\n<div class=\"wp-block-columns has-2-columns is-layout-flex wp-container-core-columns-is-layout-9d6595d7 wp-block-columns-is-layout-flex\">\n<div class=\"wp-block-column is-layout-flow wp-block-column-is-layout-flow\">\n<div class=\"wp-block-columns has-2-columns is-layout-flex wp-container-core-columns-is-layout-9d6595d7 wp-block-columns-is-layout-flex\">\n<div class=\"wp-block-column is-layout-flow wp-block-column-is-layout-flow\">\n<figure class=\"wp-block-image size-large\"><img loading=\"lazy\" decoding=\"async\" width=\"853\" height=\"1024\" src=\"https:\/\/eichendorffschule-essen.de\/wp-content\/uploads\/2019\/12\/02-853x1024.jpg\" alt=\"\" class=\"wp-image-1003\" srcset=\"https:\/\/eichendorffschule-essen.de\/wp-content\/uploads\/2019\/12\/02-853x1024.jpg 853w, https:\/\/eichendorffschule-essen.de\/wp-content\/uploads\/2019\/12\/02-250x300.jpg 250w, https:\/\/eichendorffschule-essen.de\/wp-content\/uploads\/2019\/12\/02-768x921.jpg 768w, https:\/\/eichendorffschule-essen.de\/wp-content\/uploads\/2019\/12\/02.jpg 886w\" sizes=\"auto, (max-width: 853px) 100vw, 853px\" \/><\/figure>\n\n\n\n<p>A. Kimmeskamp<\/p>\n<\/div>\n\n\n\n<div class=\"wp-block-column is-layout-flow wp-block-column-is-layout-flow\">\n<figure class=\"wp-block-image size-large\"><img loading=\"lazy\" decoding=\"async\" width=\"853\" height=\"1024\" src=\"https:\/\/eichendorffschule-essen.de\/wp-content\/uploads\/2019\/12\/08-853x1024.jpg\" alt=\"\" class=\"wp-image-1004\" srcset=\"https:\/\/eichendorffschule-essen.de\/wp-content\/uploads\/2019\/12\/08-853x1024.jpg 853w, https:\/\/eichendorffschule-essen.de\/wp-content\/uploads\/2019\/12\/08-250x300.jpg 250w, https:\/\/eichendorffschule-essen.de\/wp-content\/uploads\/2019\/12\/08-768x921.jpg 768w, https:\/\/eichendorffschule-essen.de\/wp-content\/uploads\/2019\/12\/08.jpg 886w\" sizes=\"auto, (max-width: 853px) 100vw, 853px\" \/><\/figure>\n\n\n\n<p>M. Witt<\/p>\n<\/div>\n<\/div>\n<\/div>\n\n\n\n<div class=\"wp-block-column is-layout-flow wp-block-column-is-layout-flow\">\n<div class=\"wp-block-columns has-2-columns is-layout-flex wp-container-core-columns-is-layout-9d6595d7 wp-block-columns-is-layout-flex\">\n<div class=\"wp-block-column is-layout-flow wp-block-column-is-layout-flow\">\n<figure class=\"wp-block-image size-large\"><img loading=\"lazy\" decoding=\"async\" width=\"853\" height=\"1024\" src=\"https:\/\/eichendorffschule-essen.de\/wp-content\/uploads\/2023\/01\/Schwink-853x1024.jpg\" alt=\"\" class=\"wp-image-4182\" srcset=\"https:\/\/eichendorffschule-essen.de\/wp-content\/uploads\/2023\/01\/Schwink-853x1024.jpg 853w, https:\/\/eichendorffschule-essen.de\/wp-content\/uploads\/2023\/01\/Schwink-250x300.jpg 250w, https:\/\/eichendorffschule-essen.de\/wp-content\/uploads\/2023\/01\/Schwink-768x921.jpg 768w, https:\/\/eichendorffschule-essen.de\/wp-content\/uploads\/2023\/01\/Schwink.jpg 886w\" sizes=\"auto, (max-width: 853px) 100vw, 853px\" \/><\/figure>\n\n\n\n<p>M. Schwink  <\/p>\n\n\n\n<p><\/p>\n<\/div>\n\n\n\n<div class=\"wp-block-column is-layout-flow wp-block-column-is-layout-flow\">\n<figure class=\"wp-block-image size-large\"><img loading=\"lazy\" decoding=\"async\" width=\"853\" height=\"1024\" src=\"https:\/\/eichendorffschule-essen.de\/wp-content\/uploads\/2019\/12\/35-853x1024.jpg\" alt=\"\" class=\"wp-image-1005\" srcset=\"https:\/\/eichendorffschule-essen.de\/wp-content\/uploads\/2019\/12\/35-853x1024.jpg 853w, https:\/\/eichendorffschule-essen.de\/wp-content\/uploads\/2019\/12\/35-250x300.jpg 250w, https:\/\/eichendorffschule-essen.de\/wp-content\/uploads\/2019\/12\/35-768x921.jpg 768w, https:\/\/eichendorffschule-essen.de\/wp-content\/uploads\/2019\/12\/35.jpg 886w\" sizes=\"auto, (max-width: 853px) 100vw, 853px\" \/><\/figure>\n\n\n\n<p>A. Jacobs<\/p>\n<\/div>\n<\/div>\n\n\n\n<p><\/p>\n<\/div>\n<\/div>\n\n\n\n<div class=\"wp-block-columns has-2-columns is-layout-flex wp-container-core-columns-is-layout-9d6595d7 wp-block-columns-is-layout-flex\">\n<div class=\"wp-block-column is-layout-flow wp-block-column-is-layout-flow\">\n<div class=\"wp-block-columns has-2-columns is-layout-flex wp-container-core-columns-is-layout-9d6595d7 wp-block-columns-is-layout-flex\">\n<div class=\"wp-block-column is-layout-flow wp-block-column-is-layout-flow\">\n<figure class=\"wp-block-image size-large is-resized\"><img loading=\"lazy\" decoding=\"async\" width=\"853\" height=\"1024\" src=\"https:\/\/eichendorffschule-essen.de\/wp-content\/uploads\/2023\/01\/Kleinbeck-853x1024.jpg\" alt=\"\" class=\"wp-image-4183\" style=\"width:267px;height:auto\" srcset=\"https:\/\/eichendorffschule-essen.de\/wp-content\/uploads\/2023\/01\/Kleinbeck-853x1024.jpg 853w, https:\/\/eichendorffschule-essen.de\/wp-content\/uploads\/2023\/01\/Kleinbeck-250x300.jpg 250w, https:\/\/eichendorffschule-essen.de\/wp-content\/uploads\/2023\/01\/Kleinbeck-768x921.jpg 768w, https:\/\/eichendorffschule-essen.de\/wp-content\/uploads\/2023\/01\/Kleinbeck.jpg 886w\" sizes=\"auto, (max-width: 853px) 100vw, 853px\" \/><\/figure>\n\n\n\n<p>S. Kleinbeck<\/p>\n\n\n\n<p><\/p>\n<\/div>\n\n\n\n<div class=\"wp-block-column is-layout-flow wp-block-column-is-layout-flow\">\n<figure class=\"wp-block-image size-large is-resized\"><img loading=\"lazy\" decoding=\"async\" width=\"853\" height=\"1024\" src=\"https:\/\/eichendorffschule-essen.de\/wp-content\/uploads\/2023\/03\/Linnhoefer_neu-853x1024.jpg\" alt=\"\" class=\"wp-image-4272\" style=\"width:265px;height:auto\" srcset=\"https:\/\/eichendorffschule-essen.de\/wp-content\/uploads\/2023\/03\/Linnhoefer_neu-853x1024.jpg 853w, https:\/\/eichendorffschule-essen.de\/wp-content\/uploads\/2023\/03\/Linnhoefer_neu-250x300.jpg 250w, https:\/\/eichendorffschule-essen.de\/wp-content\/uploads\/2023\/03\/Linnhoefer_neu-768x921.jpg 768w, https:\/\/eichendorffschule-essen.de\/wp-content\/uploads\/2023\/03\/Linnhoefer_neu.jpg 886w\" sizes=\"auto, (max-width: 853px) 100vw, 853px\" \/><\/figure>\n\n\n\n<p>S. Linnh\u00f6fer<\/p>\n<\/div>\n<\/div>\n<\/div>\n\n\n\n<div class=\"wp-block-column is-layout-flow wp-block-column-is-layout-flow\">\n<div class=\"wp-block-columns has-2-columns is-layout-flex wp-container-core-columns-is-layout-9d6595d7 wp-block-columns-is-layout-flex\">\n<div class=\"wp-block-column is-layout-flow wp-block-column-is-layout-flow\">\n<figure class=\"wp-block-image size-full is-resized\"><img loading=\"lazy\" decoding=\"async\" width=\"853\" height=\"1023\" src=\"https:\/\/eichendorffschule-essen.de\/wp-content\/uploads\/2020\/01\/Fotofolgt-9.jpg\" alt=\"\" class=\"wp-image-1154\" style=\"width:267px;height:auto\" srcset=\"https:\/\/eichendorffschule-essen.de\/wp-content\/uploads\/2020\/01\/Fotofolgt-9.jpg 853w, https:\/\/eichendorffschule-essen.de\/wp-content\/uploads\/2020\/01\/Fotofolgt-9-250x300.jpg 250w, https:\/\/eichendorffschule-essen.de\/wp-content\/uploads\/2020\/01\/Fotofolgt-9-768x921.jpg 768w\" sizes=\"auto, (max-width: 853px) 100vw, 853px\" \/><\/figure>\n\n\n\n<p>P. Katschinski<\/p>\n\n\n\n<p><\/p>\n<\/div>\n\n\n\n<div class=\"wp-block-column is-layout-flow wp-block-column-is-layout-flow\">\n<figure class=\"wp-block-image size-large is-resized\"><img loading=\"lazy\" decoding=\"async\" width=\"853\" height=\"1023\" src=\"https:\/\/eichendorffschule-essen.de\/wp-content\/uploads\/2020\/01\/79.jpg\" alt=\"\" class=\"wp-image-1126\" style=\"width:265px;height:auto\" srcset=\"https:\/\/eichendorffschule-essen.de\/wp-content\/uploads\/2020\/01\/79.jpg 853w, https:\/\/eichendorffschule-essen.de\/wp-content\/uploads\/2020\/01\/79-250x300.jpg 250w, https:\/\/eichendorffschule-essen.de\/wp-content\/uploads\/2020\/01\/79-768x921.jpg 768w\" sizes=\"auto, (max-width: 853px) 100vw, 853px\" \/><\/figure>\n\n\n\n<p>K. Br\u00f6hl<\/p>\n<\/div>\n<\/div>\n<\/div>\n<\/div>\n\n\n\n<div class=\"wp-block-columns has-2-columns is-layout-flex wp-container-core-columns-is-layout-9d6595d7 wp-block-columns-is-layout-flex\">\n<div class=\"wp-block-column is-layout-flow wp-block-column-is-layout-flow\">\n<div class=\"wp-block-columns has-2-columns is-layout-flex wp-container-core-columns-is-layout-9d6595d7 wp-block-columns-is-layout-flex\">\n<div class=\"wp-block-column is-layout-flow wp-block-column-is-layout-flow\">\n<figure class=\"wp-block-image size-large\"><img loading=\"lazy\" decoding=\"async\" width=\"853\" height=\"1024\" src=\"https:\/\/eichendorffschule-essen.de\/wp-content\/uploads\/2019\/12\/18-853x1024.jpg\" alt=\"\" class=\"wp-image-1011\" srcset=\"https:\/\/eichendorffschule-essen.de\/wp-content\/uploads\/2019\/12\/18-853x1024.jpg 853w, https:\/\/eichendorffschule-essen.de\/wp-content\/uploads\/2019\/12\/18-250x300.jpg 250w, https:\/\/eichendorffschule-essen.de\/wp-content\/uploads\/2019\/12\/18-768x921.jpg 768w, https:\/\/eichendorffschule-essen.de\/wp-content\/uploads\/2019\/12\/18.jpg 886w\" sizes=\"auto, (max-width: 853px) 100vw, 853px\" \/><\/figure>\n\n\n\n<p>J. Drewitz<\/p>\n<\/div>\n\n\n\n<div class=\"wp-block-column is-layout-flow wp-block-column-is-layout-flow\">\n<figure class=\"wp-block-image size-large\"><img loading=\"lazy\" decoding=\"async\" width=\"853\" height=\"1024\" src=\"https:\/\/eichendorffschule-essen.de\/wp-content\/uploads\/2019\/12\/23-853x1024.jpg\" alt=\"\" class=\"wp-image-1012\" srcset=\"https:\/\/eichendorffschule-essen.de\/wp-content\/uploads\/2019\/12\/23-853x1024.jpg 853w, https:\/\/eichendorffschule-essen.de\/wp-content\/uploads\/2019\/12\/23-250x300.jpg 250w, https:\/\/eichendorffschule-essen.de\/wp-content\/uploads\/2019\/12\/23-768x921.jpg 768w, https:\/\/eichendorffschule-essen.de\/wp-content\/uploads\/2019\/12\/23.jpg 886w\" sizes=\"auto, (max-width: 853px) 100vw, 853px\" \/><\/figure>\n\n\n\n<p>B. Pr\u00fcnte<\/p>\n<\/div>\n<\/div>\n<\/div>\n\n\n\n<div class=\"wp-block-column is-layout-flow wp-block-column-is-layout-flow\">\n<div class=\"wp-block-columns has-2-columns is-layout-flex wp-container-core-columns-is-layout-9d6595d7 wp-block-columns-is-layout-flex\">\n<div class=\"wp-block-column is-layout-flow wp-block-column-is-layout-flow\">\n<figure class=\"wp-block-image size-large\"><img loading=\"lazy\" decoding=\"async\" width=\"853\" height=\"1024\" src=\"https:\/\/eichendorffschule-essen.de\/wp-content\/uploads\/2019\/12\/15-853x1024.jpg\" alt=\"\" class=\"wp-image-1013\" srcset=\"https:\/\/eichendorffschule-essen.de\/wp-content\/uploads\/2019\/12\/15-853x1024.jpg 853w, https:\/\/eichendorffschule-essen.de\/wp-content\/uploads\/2019\/12\/15-250x300.jpg 250w, https:\/\/eichendorffschule-essen.de\/wp-content\/uploads\/2019\/12\/15-768x921.jpg 768w, https:\/\/eichendorffschule-essen.de\/wp-content\/uploads\/2019\/12\/15.jpg 886w\" sizes=\"auto, (max-width: 853px) 100vw, 853px\" \/><\/figure>\n\n\n\n<p>M. Wiciok<\/p>\n<\/div>\n\n\n\n<div class=\"wp-block-column is-layout-flow wp-block-column-is-layout-flow\">\n<figure class=\"wp-block-image size-large\"><img loading=\"lazy\" decoding=\"async\" width=\"853\" height=\"1024\" src=\"https:\/\/eichendorffschule-essen.de\/wp-content\/uploads\/2021\/03\/Neu_Hillebrand-853x1024.jpg\" alt=\"\" class=\"wp-image-2876\" srcset=\"https:\/\/eichendorffschule-essen.de\/wp-content\/uploads\/2021\/03\/Neu_Hillebrand-853x1024.jpg 853w, https:\/\/eichendorffschule-essen.de\/wp-content\/uploads\/2021\/03\/Neu_Hillebrand-250x300.jpg 250w, https:\/\/eichendorffschule-essen.de\/wp-content\/uploads\/2021\/03\/Neu_Hillebrand-768x921.jpg 768w, https:\/\/eichendorffschule-essen.de\/wp-content\/uploads\/2021\/03\/Neu_Hillebrand.jpg 886w\" sizes=\"auto, (max-width: 853px) 100vw, 853px\" \/><\/figure>\n\n\n\n<p>L. Hillebrand<\/p>\n<\/div>\n<\/div>\n<\/div>\n<\/div>\n\n\n\n<div class=\"wp-block-columns has-2-columns is-layout-flex wp-container-core-columns-is-layout-9d6595d7 wp-block-columns-is-layout-flex\">\n<div class=\"wp-block-column is-layout-flow wp-block-column-is-layout-flow\">\n<div class=\"wp-block-columns has-2-columns is-layout-flex wp-container-core-columns-is-layout-9d6595d7 wp-block-columns-is-layout-flex\">\n<div class=\"wp-block-column is-layout-flow wp-block-column-is-layout-flow\">\n<figure class=\"wp-block-image size-large\"><img loading=\"lazy\" decoding=\"async\" width=\"853\" height=\"1024\" src=\"https:\/\/eichendorffschule-essen.de\/wp-content\/uploads\/2021\/03\/Neu_Schaefer-853x1024.jpg\" alt=\"\" class=\"wp-image-2877\" srcset=\"https:\/\/eichendorffschule-essen.de\/wp-content\/uploads\/2021\/03\/Neu_Schaefer-853x1024.jpg 853w, https:\/\/eichendorffschule-essen.de\/wp-content\/uploads\/2021\/03\/Neu_Schaefer-250x300.jpg 250w, https:\/\/eichendorffschule-essen.de\/wp-content\/uploads\/2021\/03\/Neu_Schaefer-768x921.jpg 768w, https:\/\/eichendorffschule-essen.de\/wp-content\/uploads\/2021\/03\/Neu_Schaefer.jpg 886w\" sizes=\"auto, (max-width: 853px) 100vw, 853px\" \/><\/figure>\n\n\n\n<p>A. Sch\u00e4fer<\/p>\n\n\n\n<p><\/p>\n<\/div>\n\n\n\n<div class=\"wp-block-column is-layout-flow wp-block-column-is-layout-flow\">\n<figure class=\"wp-block-image size-full\"><img loading=\"lazy\" decoding=\"async\" width=\"853\" height=\"1023\" src=\"https:\/\/eichendorffschule-essen.de\/wp-content\/uploads\/2020\/01\/78.jpg\" alt=\"\" class=\"wp-image-1127\" srcset=\"https:\/\/eichendorffschule-essen.de\/wp-content\/uploads\/2020\/01\/78.jpg 853w, https:\/\/eichendorffschule-essen.de\/wp-content\/uploads\/2020\/01\/78-250x300.jpg 250w, https:\/\/eichendorffschule-essen.de\/wp-content\/uploads\/2020\/01\/78-768x921.jpg 768w\" sizes=\"auto, (max-width: 853px) 100vw, 853px\" \/><\/figure>\n\n\n\n<p>M. R\u00f6diger-S\u00f6ndgerath<\/p>\n<\/div>\n<\/div>\n<\/div>\n\n\n\n<div class=\"wp-block-column is-layout-flow wp-block-column-is-layout-flow\">\n<div class=\"wp-block-columns has-2-columns is-layout-flex wp-container-core-columns-is-layout-9d6595d7 wp-block-columns-is-layout-flex\">\n<div class=\"wp-block-column is-layout-flow wp-block-column-is-layout-flow\">\n<figure class=\"wp-block-image size-large\"><img loading=\"lazy\" decoding=\"async\" width=\"853\" height=\"1024\" src=\"https:\/\/eichendorffschule-essen.de\/wp-content\/uploads\/2021\/03\/Neu_Hinzer-853x1024.jpg\" alt=\"\" class=\"wp-image-2875\" srcset=\"https:\/\/eichendorffschule-essen.de\/wp-content\/uploads\/2021\/03\/Neu_Hinzer-853x1024.jpg 853w, https:\/\/eichendorffschule-essen.de\/wp-content\/uploads\/2021\/03\/Neu_Hinzer-250x300.jpg 250w, https:\/\/eichendorffschule-essen.de\/wp-content\/uploads\/2021\/03\/Neu_Hinzer-768x921.jpg 768w, https:\/\/eichendorffschule-essen.de\/wp-content\/uploads\/2021\/03\/Neu_Hinzer.jpg 886w\" sizes=\"auto, (max-width: 853px) 100vw, 853px\" \/><\/figure>\n\n\n\n<p>P. Hinzer <\/p>\n\n\n\n<p><\/p>\n<\/div>\n\n\n\n<div class=\"wp-block-column is-layout-flow wp-block-column-is-layout-flow\">\n<figure class=\"wp-block-image size-large\"><img loading=\"lazy\" decoding=\"async\" width=\"853\" height=\"1024\" src=\"https:\/\/eichendorffschule-essen.de\/wp-content\/uploads\/2019\/12\/38-853x1024.jpg\" alt=\"\" class=\"wp-image-1001\" srcset=\"https:\/\/eichendorffschule-essen.de\/wp-content\/uploads\/2019\/12\/38-853x1024.jpg 853w, https:\/\/eichendorffschule-essen.de\/wp-content\/uploads\/2019\/12\/38-250x300.jpg 250w, https:\/\/eichendorffschule-essen.de\/wp-content\/uploads\/2019\/12\/38-768x921.jpg 768w, https:\/\/eichendorffschule-essen.de\/wp-content\/uploads\/2019\/12\/38.jpg 886w\" sizes=\"auto, (max-width: 853px) 100vw, 853px\" \/><\/figure>\n\n\n\n<p>M. Hoersen<\/p>\n<\/div>\n<\/div>\n\n\n\n<p><\/p>\n<\/div>\n<\/div>\n\n\n\n<div class=\"wp-block-columns has-2-columns is-layout-flex wp-container-core-columns-is-layout-9d6595d7 wp-block-columns-is-layout-flex\">\n<div class=\"wp-block-column is-layout-flow wp-block-column-is-layout-flow\">\n<div class=\"wp-block-columns has-2-columns is-layout-flex wp-container-core-columns-is-layout-9d6595d7 wp-block-columns-is-layout-flex\">\n<div class=\"wp-block-column is-layout-flow wp-block-column-is-layout-flow\">\n<figure class=\"wp-block-image size-large\"><img loading=\"lazy\" decoding=\"async\" width=\"853\" height=\"1024\" src=\"https:\/\/eichendorffschule-essen.de\/wp-content\/uploads\/2019\/12\/25-853x1024.jpg\" alt=\"\" class=\"wp-image-998\" srcset=\"https:\/\/eichendorffschule-essen.de\/wp-content\/uploads\/2019\/12\/25-853x1024.jpg 853w, https:\/\/eichendorffschule-essen.de\/wp-content\/uploads\/2019\/12\/25-250x300.jpg 250w, https:\/\/eichendorffschule-essen.de\/wp-content\/uploads\/2019\/12\/25-768x921.jpg 768w, https:\/\/eichendorffschule-essen.de\/wp-content\/uploads\/2019\/12\/25.jpg 886w\" sizes=\"auto, (max-width: 853px) 100vw, 853px\" \/><\/figure>\n\n\n\n<p>C. Gahlen<\/p>\n\n\n\n<p><\/p>\n<\/div>\n\n\n\n<div class=\"wp-block-column is-layout-flow wp-block-column-is-layout-flow\">\n<figure class=\"wp-block-image size-large\"><img loading=\"lazy\" decoding=\"async\" width=\"853\" height=\"1024\" src=\"https:\/\/eichendorffschule-essen.de\/wp-content\/uploads\/2023\/10\/Frau_Stawowczyk-853x1024.jpg\" alt=\"\" class=\"wp-image-4642\" srcset=\"https:\/\/eichendorffschule-essen.de\/wp-content\/uploads\/2023\/10\/Frau_Stawowczyk-853x1024.jpg 853w, https:\/\/eichendorffschule-essen.de\/wp-content\/uploads\/2023\/10\/Frau_Stawowczyk-250x300.jpg 250w, https:\/\/eichendorffschule-essen.de\/wp-content\/uploads\/2023\/10\/Frau_Stawowczyk-768x921.jpg 768w, https:\/\/eichendorffschule-essen.de\/wp-content\/uploads\/2023\/10\/Frau_Stawowczyk.jpg 886w\" sizes=\"auto, (max-width: 853px) 100vw, 853px\" \/><\/figure>\n\n\n\n<p>J. Tworuschka<\/p>\n\n\n\n<p>z. Z. in Elternzeit<\/p>\n\n\n\n<p><\/p>\n\n\n\n<p><\/p>\n<\/div>\n<\/div>\n<\/div>\n\n\n\n<div class=\"wp-block-column is-layout-flow wp-block-column-is-layout-flow\">\n<div class=\"wp-block-columns has-2-columns is-layout-flex wp-container-core-columns-is-layout-9d6595d7 wp-block-columns-is-layout-flex\">\n<div class=\"wp-block-column is-layout-flow wp-block-column-is-layout-flow\">\n<figure class=\"wp-block-image size-large\"><img loading=\"lazy\" decoding=\"async\" width=\"853\" height=\"1024\" src=\"https:\/\/eichendorffschule-essen.de\/wp-content\/uploads\/2019\/12\/43-853x1024.jpg\" alt=\"\" class=\"wp-image-1009\" srcset=\"https:\/\/eichendorffschule-essen.de\/wp-content\/uploads\/2019\/12\/43-853x1024.jpg 853w, https:\/\/eichendorffschule-essen.de\/wp-content\/uploads\/2019\/12\/43-250x300.jpg 250w, https:\/\/eichendorffschule-essen.de\/wp-content\/uploads\/2019\/12\/43-768x921.jpg 768w, https:\/\/eichendorffschule-essen.de\/wp-content\/uploads\/2019\/12\/43.jpg 886w\" sizes=\"auto, (max-width: 853px) 100vw, 853px\" \/><\/figure>\n\n\n\n<p>V. Hulboj<\/p>\n\n\n\n<p>z. Z. in Elternzeit<\/p>\n<\/div>\n\n\n\n<div class=\"wp-block-column is-layout-flow wp-block-column-is-layout-flow\">\n<figure class=\"wp-block-image size-full\"><img loading=\"lazy\" decoding=\"async\" width=\"853\" height=\"1023\" src=\"https:\/\/eichendorffschule-essen.de\/wp-content\/uploads\/2020\/01\/Fotofolgt-9.jpg\" alt=\"\" class=\"wp-image-1154\" srcset=\"https:\/\/eichendorffschule-essen.de\/wp-content\/uploads\/2020\/01\/Fotofolgt-9.jpg 853w, https:\/\/eichendorffschule-essen.de\/wp-content\/uploads\/2020\/01\/Fotofolgt-9-250x300.jpg 250w, https:\/\/eichendorffschule-essen.de\/wp-content\/uploads\/2020\/01\/Fotofolgt-9-768x921.jpg 768w\" sizes=\"auto, (max-width: 853px) 100vw, 853px\" \/><\/figure>\n\n\n\n<p>I. Rothenberg<\/p>\n\n\n\n<p>Fachlehrerin<\/p>\n\n\n\n<p><\/p>\n\n\n\n<p><\/p>\n<\/div>\n<\/div>\n<\/div>\n<\/div>\n\n\n\n<div class=\"wp-block-columns has-2-columns is-layout-flex wp-container-core-columns-is-layout-9d6595d7 wp-block-columns-is-layout-flex\">\n<div class=\"wp-block-column is-layout-flow wp-block-column-is-layout-flow\">\n<div class=\"wp-block-columns has-2-columns is-layout-flex wp-container-core-columns-is-layout-9d6595d7 wp-block-columns-is-layout-flex\">\n<div class=\"wp-block-column is-layout-flow wp-block-column-is-layout-flow\">\n<figure class=\"wp-block-image size-full\"><img loading=\"lazy\" decoding=\"async\" width=\"853\" height=\"1023\" src=\"https:\/\/eichendorffschule-essen.de\/wp-content\/uploads\/2020\/01\/Fotofolgt-9.jpg\" alt=\"\" class=\"wp-image-1154\" srcset=\"https:\/\/eichendorffschule-essen.de\/wp-content\/uploads\/2020\/01\/Fotofolgt-9.jpg 853w, https:\/\/eichendorffschule-essen.de\/wp-content\/uploads\/2020\/01\/Fotofolgt-9-250x300.jpg 250w, https:\/\/eichendorffschule-essen.de\/wp-content\/uploads\/2020\/01\/Fotofolgt-9-768x921.jpg 768w\" sizes=\"auto, (max-width: 853px) 100vw, 853px\" \/><\/figure>\n\n\n\n<p>J. Theiler<\/p>\n\n\n\n<p>Fachlehrerin<\/p>\n<\/div>\n\n\n\n<div class=\"wp-block-column is-layout-flow wp-block-column-is-layout-flow\">\n<figure class=\"wp-block-image size-full\"><img loading=\"lazy\" decoding=\"async\" width=\"853\" height=\"1023\" src=\"https:\/\/eichendorffschule-essen.de\/wp-content\/uploads\/2020\/01\/Fotofolgt-9.jpg\" alt=\"\" class=\"wp-image-1154\" srcset=\"https:\/\/eichendorffschule-essen.de\/wp-content\/uploads\/2020\/01\/Fotofolgt-9.jpg 853w, https:\/\/eichendorffschule-essen.de\/wp-content\/uploads\/2020\/01\/Fotofolgt-9-250x300.jpg 250w, https:\/\/eichendorffschule-essen.de\/wp-content\/uploads\/2020\/01\/Fotofolgt-9-768x921.jpg 768w\" sizes=\"auto, (max-width: 853px) 100vw, 853px\" \/><\/figure>\n\n\n\n<p>A. Bordihn<\/p>\n\n\n\n<p>Lehramtsanw\u00e4rterin<\/p>\n<\/div>\n<\/div>\n<\/div>\n\n\n\n<div class=\"wp-block-column is-layout-flow wp-block-column-is-layout-flow\">\n<div class=\"wp-block-columns has-2-columns is-layout-flex wp-container-core-columns-is-layout-9d6595d7 wp-block-columns-is-layout-flex\">\n<div class=\"wp-block-column is-layout-flow wp-block-column-is-layout-flow\">\n<figure class=\"wp-block-image size-large\"><img loading=\"lazy\" decoding=\"async\" width=\"853\" height=\"1024\" src=\"https:\/\/eichendorffschule-essen.de\/wp-content\/uploads\/2021\/03\/Neu_Gerresheim-Binner-853x1024.jpg\" alt=\"\" class=\"wp-image-2878\" srcset=\"https:\/\/eichendorffschule-essen.de\/wp-content\/uploads\/2021\/03\/Neu_Gerresheim-Binner-853x1024.jpg 853w, https:\/\/eichendorffschule-essen.de\/wp-content\/uploads\/2021\/03\/Neu_Gerresheim-Binner-250x300.jpg 250w, https:\/\/eichendorffschule-essen.de\/wp-content\/uploads\/2021\/03\/Neu_Gerresheim-Binner-768x921.jpg 768w, https:\/\/eichendorffschule-essen.de\/wp-content\/uploads\/2021\/03\/Neu_Gerresheim-Binner.jpg 886w\" sizes=\"auto, (max-width: 853px) 100vw, 853px\" \/><\/figure>\n\n\n\n<p>S. Gerresheim-Binner<\/p>\n\n\n\n<p>Sozialp\u00e4dagogin<\/p>\n<\/div>\n\n\n\n<div class=\"wp-block-column is-layout-flow wp-block-column-is-layout-flow\">\n<figure class=\"wp-block-image size-large\"><img loading=\"lazy\" decoding=\"async\" width=\"853\" height=\"1024\" src=\"https:\/\/eichendorffschule-essen.de\/wp-content\/uploads\/2023\/10\/Herr_Rowecki-853x1024.jpg\" alt=\"\" class=\"wp-image-4643\" srcset=\"https:\/\/eichendorffschule-essen.de\/wp-content\/uploads\/2023\/10\/Herr_Rowecki-853x1024.jpg 853w, https:\/\/eichendorffschule-essen.de\/wp-content\/uploads\/2023\/10\/Herr_Rowecki-250x300.jpg 250w, https:\/\/eichendorffschule-essen.de\/wp-content\/uploads\/2023\/10\/Herr_Rowecki-768x921.jpg 768w, https:\/\/eichendorffschule-essen.de\/wp-content\/uploads\/2023\/10\/Herr_Rowecki.jpg 886w\" sizes=\"auto, (max-width: 853px) 100vw, 853px\" \/><\/figure>\n\n\n\n<p>T. Rowecki<\/p>\n\n\n\n<p>Sozialp\u00e4dagoge<\/p>\n<\/div>\n<\/div>\n<\/div>\n<\/div>\n\n\n\n<div class=\"wp-block-columns has-2-columns is-layout-flex wp-container-core-columns-is-layout-9d6595d7 wp-block-columns-is-layout-flex\">\n<div class=\"wp-block-column is-layout-flow wp-block-column-is-layout-flow\"><\/div>\n\n\n\n<div class=\"wp-block-column is-layout-flow wp-block-column-is-layout-flow\"><\/div>\n<\/div>\n\n\n\n<p><\/p>\n\n\n\n<p><\/p>\n","protected":false},"excerpt":{"rendered":"<p>A. Kimmeskamp M. Witt M. Schwink A. Jacobs S. Kleinbeck S. Linnh\u00f6fer P. Katschinski K. Br\u00f6hl J. Drewitz B. Pr\u00fcnte M. Wiciok L. Hillebrand A. Sch\u00e4fer M. R\u00f6diger-S\u00f6ndgerath P. Hinzer M. Hoersen C. Gahlen J. Tworuschka z. Z. in Elternzeit V. Hulboj z. Z. in Elternzeit I. Rothenberg Fachlehrerin J. Theiler Fachlehrerin A. Bordihn Lehramtsanw\u00e4rterin <a class=\"read-more\" href=\"https:\/\/eichendorffschule-essen.de\/?page_id=276\">READ MORE<\/a><\/p>\n","protected":false},"author":1,"featured_media":0,"parent":0,"menu_order":0,"comment_status":"closed","ping_status":"closed","template":"","meta":{"footnotes":""},"class_list":["post-276","page","type-page","status-publish","hentry"],"_links":{"self":[{"href":"https:\/\/eichendorffschule-essen.de\/index.php?rest_route=\/wp\/v2\/pages\/276","targetHints":{"allow":["GET"]}}],"collection":[{"href":"https:\/\/eichendorffschule-essen.de\/index.php?rest_route=\/wp\/v2\/pages"}],"about":[{"href":"https:\/\/eichendorffschule-essen.de\/index.php?rest_route=\/wp\/v2\/types\/page"}],"author":[{"embeddable":true,"href":"https:\/\/eichendorffschule-essen.de\/index.php?rest_route=\/wp\/v2\/users\/1"}],"replies":[{"embeddable":true,"href":"https:\/\/eichendorffschule-essen.de\/index.php?rest_route=%2Fwp%2Fv2%2Fcomments&post=276"}],"version-history":[{"count":75,"href":"https:\/\/eichendorffschule-essen.de\/index.php?rest_route=\/wp\/v2\/pages\/276\/revisions"}],"predecessor-version":[{"id":5939,"href":"https:\/\/eichendorffschule-essen.de\/index.php?rest_route=\/wp\/v2\/pages\/276\/revisions\/5939"}],"wp:attachment":[{"href":"https:\/\/eichendorffschule-essen.de\/index.php?rest_route=%2Fwp%2Fv2%2Fmedia&parent=276"}],"curies":[{"name":"wp","href":"https:\/\/api.w.org\/{rel}","templated":true}]}}