{"id":14,"date":"2019-09-23T14:49:31","date_gmt":"2019-09-23T14:49:31","guid":{"rendered":"http:\/\/eichendorffschule-essen.de\/?page_id=14"},"modified":"2023-03-30T17:36:33","modified_gmt":"2023-03-30T17:36:33","slug":"foerderverein","status":"publish","type":"page","link":"https:\/\/eichendorffschule-essen.de\/?page_id=14","title":{"rendered":"F\u00f6rderverein gelber Standort"},"content":{"rendered":"\n<h2 class=\"wp-block-heading\"><strong>Gemeinsam f\u00fcr unsere Kinder, werden auch Sie Mitglied!<\/strong><\/h2>\n\n\n<div class=\"wp-block-image\">\n<figure class=\"alignright is-resized\"><img loading=\"lazy\" decoding=\"async\" src=\"https:\/\/eichendorffschule-essen.de\/wp-content\/uploads\/2019\/10\/Logo-Foerderverein4.png\" alt=\"\" class=\"wp-image-451\" width=\"136\" height=\"127\"\/><\/figure>\n<\/div>\n\n\n<p class=\"has-medium-font-size\"><strong>Unsere Ziele sind&#8230;<\/strong><\/p>\n\n\n\n<p class=\"has-text-align-left\">Der gemeinn\u00fctzige Verein wurde 1995 von Eltern damaliger Sch\u00fcler der Eichendorffschule gegr\u00fcndet, damit die Schule zus\u00e4tzliche finanzielle und ideelle Unterst\u00fctzung erh\u00e4lt. Durch unseren Verein werden Projekte verwirklicht, die den Schulalltag unserer Kinder interessanter, abwechslungsreicher und lebendiger gestalten.&nbsp;<\/p>\n\n\n\n<ul class=\"wp-block-list\">\n<li>die ideelle und materielle Unterst\u00fctzung der Erziehungs- und Bildungsarbeit an der Schule<\/li>\n\n\n\n<li>die Unterst\u00fctzung der Zusammenarbeit von Schule und Elternhaus im Kontakt zur Schulpflegschaft und dem Lehrerkollegium<\/li>\n\n\n\n<li>in jeder Hinsicht optimal gef\u00f6rderte starke Kinder<\/li>\n<\/ul>\n\n\n\n<figure class=\"wp-block-table alignright\"><table class=\"has-background\" style=\"background-color:#f3f4f5\"><tbody><tr><td><strong>Anschrift:<\/strong><br>&nbsp;<br>F\u00f6rderverein Eichendorffschule e.V<br>Hei\u00dfener Str. 74<br>45359 Essen<br>Telefon: 0201\/682255<br><\/td><\/tr><tr><td><br><strong>Bankverbindung:<\/strong><br>&nbsp;<br>Sparkasse Essen<br>BLZ 360 501 05<br>Konto-Nr.&nbsp; 5 304 282<br>F\u00f6rderverein Eichendorffschule e.V.<\/td><\/tr><\/tbody><\/table><\/figure>\n\n\n\n<p class=\"has-text-align-left has-medium-font-size\"><strong>Unser Verein f\u00f6rdert&#8230;<\/strong><\/p>\n\n\n\n<ul class=\"wp-block-list\">\n<li>Vorhaben aus dem Bereich Sport und Spielen, Musik, Ausfl\u00fcge, Wanderfahrten, Laienspiel, Kunst und Textilgestaltung<\/li>\n\n\n\n<li>Unterst\u00fctzung finanziell bed\u00fcrftiger Sch\u00fcler bei Schulfahrten und bei der Beschaffung von Arbeitsmaterialien<\/li>\n\n\n\n<li>Beteiligung bei der Anschaffung zus\u00e4tzlicher Lehr- und Arbeitsmittel<\/li>\n<\/ul>\n\n\n\n<p class=\"has-medium-font-size\"><strong>Sie wollen Mitglied werden&#8230;<\/strong><\/p>\n\n\n\n<p>Wir freuen uns \u00fcber jede passive und aktive Beteiligung an unseren Projekten, denn es geht hier um unsere Kinder. Unser Ziel ist es, den Anforderungen der heutigen Zeit gerecht zu werden.&nbsp;Die anh\u00e4ngende Beitrittserkl\u00e4rung k\u00f6nnen Sie ganz einfach per Klick \u00f6ffnen, ausdrucken, ausf\u00fcllen, mit Ihrer Unterschrift versehen und an uns senden oder in der Schule abgeben!<\/p>\n","protected":false},"excerpt":{"rendered":"<p>Gemeinsam f\u00fcr unsere Kinder, werden auch Sie Mitglied! Unsere Ziele sind&#8230; Der gemeinn\u00fctzige Verein wurde 1995 von Eltern damaliger Sch\u00fcler der Eichendorffschule gegr\u00fcndet, damit die Schule zus\u00e4tzliche finanzielle und ideelle Unterst\u00fctzung erh\u00e4lt. Durch unseren Verein werden Projekte verwirklicht, die den Schulalltag unserer Kinder interessanter, abwechslungsreicher und lebendiger gestalten.&nbsp; Anschrift:&nbsp;F\u00f6rderverein Eichendorffschule e.VHei\u00dfener Str. 7445359 EssenTelefon: 0201\/682255 <a class=\"read-more\" href=\"https:\/\/eichendorffschule-essen.de\/?page_id=14\">READ MORE<\/a><\/p>\n","protected":false},"author":1,"featured_media":0,"parent":0,"menu_order":0,"comment_status":"closed","ping_status":"closed","template":"template-full-width.php","meta":{"iawp_total_views":0,"footnotes":""},"class_list":["post-14","page","type-page","status-publish","hentry"],"_links":{"self":[{"href":"https:\/\/eichendorffschule-essen.de\/index.php?rest_route=\/wp\/v2\/pages\/14","targetHints":{"allow":["GET"]}}],"collection":[{"href":"https:\/\/eichendorffschule-essen.de\/index.php?rest_route=\/wp\/v2\/pages"}],"about":[{"href":"https:\/\/eichendorffschule-essen.de\/index.php?rest_route=\/wp\/v2\/types\/page"}],"author":[{"embeddable":true,"href":"https:\/\/eichendorffschule-essen.de\/index.php?rest_route=\/wp\/v2\/users\/1"}],"replies":[{"embeddable":true,"href":"https:\/\/eichendorffschule-essen.de\/index.php?rest_route=%2Fwp%2Fv2%2Fcomments&post=14"}],"version-history":[{"count":15,"href":"https:\/\/eichendorffschule-essen.de\/index.php?rest_route=\/wp\/v2\/pages\/14\/revisions"}],"predecessor-version":[{"id":4365,"href":"https:\/\/eichendorffschule-essen.de\/index.php?rest_route=\/wp\/v2\/pages\/14\/revisions\/4365"}],"wp:attachment":[{"href":"https:\/\/eichendorffschule-essen.de\/index.php?rest_route=%2Fwp%2Fv2%2Fmedia&parent=14"}],"curies":[{"name":"wp","href":"https:\/\/api.w.org\/{rel}","templated":true}]}}